{"id":2030,"date":"2021-10-24T15:58:27","date_gmt":"2021-10-24T15:58:27","guid":{"rendered":"http:\/\/aguiaturazores.com\/geschaeftsbedingungen\/"},"modified":"2021-11-22T12:34:27","modified_gmt":"2021-11-22T12:34:27","slug":"geschaeftsbedingungen","status":"publish","type":"page","link":"https:\/\/aguiaturazores.com\/de\/geschaeftsbedingungen\/","title":{"rendered":"Gesch\u00e4ftsbedingungen"},"content":{"rendered":"\r\n<p><strong>PR\u00c4AMBEL:<\/strong><\/p>\r\n<ol>\r\n<li>Diese Allgemeinen Gesch\u00e4ftsbedingungen f\u00fcr den Online-Verkauf, im Folgenden als [BEDINGUNGEN] bezeichnet, werden zwischen Paulo Aguiar, Unipessoal Lda mit Sitz in der Rua da Guarita 123 9700-096 Angra do Hero\u00edsmo, NIPC 512085846 und der Registrierungsnummern\u00ba 1120\/2005-06-15, eingetragen im Conservat\u00f3rio do Registo Predial\/Comercial\/Autom\u00f3vel de Angra do Hero\u00edsmo, mit einem Stammkapital von 220.000\u20ac, und die Personen, die \u00fcber die Website von Paulo Aguiar, Unipessoal Lda, im Online-Shop, der von nun an [SITE] genannt wird, einkaufen m\u00f6chten.<\/li>\r\n<\/ol>\r\n<p>2. Diese Bedingungen gelten ausschlie\u00dflich f\u00fcr nat\u00fcrliche Personen, die keine Gewerbetreibenden sind, nachstehend [BENUTZER] genannt, d.h. f\u00fcr jede nat\u00fcrliche Person, die zu Zwecken handelt, die nicht ihrer beruflichen, gewerblichen, industriellen oder handwerklichen T\u00e4tigkeit zuzuordnen sind.<\/p>\r\n<p>3. Der BENUTZER sollte die allgemeinen Verkaufsbedingungen sorgf\u00e4ltig lesen und sich ausdr\u00fccklich an sie binden, indem er auf die Schaltfl\u00e4che &#8220;Ich akzeptiere die allgemeinen Verkaufsbedingungen&#8221; klickt, wobei er, wenn er nicht einverstanden ist, die Bestellung oder den Kauf nicht ausf\u00fchren sollte.<\/p>\r\n<p>4. Diese allgemeinen Bedingungen gelten nicht, wenn durch die Bestellung nachgewiesen wird, dass der BENUTZER kein Endverbraucher im Sinne von Artikel 3 Absatz c) der Gesetzesverordnung Nr. 24\/2014 vom 14. Februar ist.<\/p>\r\n<p>5. Paulo Aguiar, Unipessoal Lda beh\u00e4lt sich das Recht vor, ohne Vorank\u00fcndigung die vorliegenden allgemeinen Online-Verkaufsbedingungen zu erg\u00e4nzen, zu modifizieren oder zu \u00e4ndern, die Verkaufspreise zu \u00e4ndern oder die verf\u00fcgbaren Produkte zu modifizieren oder zu ersetzen, wobei der BENUTZER bei einer neuen Bestellung oder einem neuen Kauf die neuen allgemeinen Gesch\u00e4ftsbedingungen und Verkaufspreise ausdr\u00fccklich akzeptiert und sich daran bindet.<\/p>\r\n<p><strong>DEFINITIONEN<\/strong><\/p>\r\n<ol>\r\n<li>Der VERK\u00c4UFER, im Folgenden als [VERK\u00c4UFER] bezeichnet, ist eine juristische Person oder ein Einzelunternehmer, der Produkte zum Verkauf auf der SITE anbietet.<\/li>\r\n<\/ol>\r\n<p>2. Ein BENUTZER ist eine nat\u00fcrliche Person, die zu Zwecken handelt, die nicht in den Bereich ihrer gewerblichen, industriellen, handwerklichen oder beruflichen T\u00e4tigkeit fallen, und die unter Verwendung der SITE Produkte bestellt oder kauft.<\/p>\r\n<p>3. PRODUKT ODER AUFTRAG: Artikel auf der SITE zum Online-Verkauf.<\/p>\r\n<p>4. SPEZIFISCHES PRODUKT: (Artikel, der in personalisierter Form hergestellt oder vermarktet wird)<\/p>\r\n<p>5. ZU BESTELLENDES PRODUKT: Von einem Nutzer bestelltes Produkt, das nicht auf Lager ist;<\/p>\r\n<p><strong>PRODUKTE UND PREISE<\/strong><\/p>\r\n<ol start=\"2\">\r\n<li>Die GESELLSCHAFT bietet \u00fcber die SITE eine breite Palette von Produkten zum Verkauf an.<\/li>\r\n<li>Das Angebot f\u00fcr jedes Produkt ist auf den vorhandenen Bestand beschr\u00e4nkt.<\/li>\r\n<li>Alle Preise enthalten die in der Autonomen Region der Azoren geltende gesetzliche Mehrwertsteuer.<\/li>\r\n<li>Die Preise sind immer in Euro angegeben.<\/li>\r\n<li>Die gezeigten Bilder entsprechen m\u00f6glicherweise nicht genau dem abgebildeten Produkt. Aus technischen Gr\u00fcnden k\u00f6nnen die abgebildeten Farben auch leicht von den tats\u00e4chlichen Farben abweichen.<\/li>\r\n<li>In Einzelf\u00e4llen k\u00f6nnen die Beschreibungen Fehler enthalten, so dass auch die Beschreibung des Herstellers zu Rate gezogen werden sollte.<\/li>\r\n<li>Produkte, die auf Bestellung hergestellt werden, nachfolgend als [BESTELLUNG] bezeichnet, ben\u00f6tigen im Durchschnitt bis zu zwei Wochen, bis sie verf\u00fcgbar sind, falls die Lagerbest\u00e4nde aufgebraucht sind, oder, da es sich um spezifische Produkte handelt, auch l\u00e4nger.<\/li>\r\n<li>\u00c4nderungen der technischen Daten, des Designs oder der Farben des Produkts sind ohne Vorank\u00fcndigung m\u00f6glich.<\/li>\r\n<li>Die SITE wird mit maximaler Aufmerksamkeit aktualisiert, jedoch kann es vorkommen, dass die Informationen bez\u00fcglich des Preises Fehler enthalten k\u00f6nnen, daher ist Paulo Aguiar, Unipessoal Lda, nicht mit dem Angebot kompromittiert und beh\u00e4lt sich das Recht vor, die Bestellung zu stornieren, falls ein solcher Fehler auftritt.<\/li>\r\n<li>Paulo Aguiar, Unipessoal Lda lehnt jede Verantwortung f\u00fcr andere Fehler ab, die auf der SITE auftreten k\u00f6nnen, oder wenn die SITE nicht zug\u00e4nglich ist.<\/li>\r\n<li>Das auf der SITE angegebene Gewicht der einzelnen Produkte entspricht nicht dem exakten Gewicht, sondern einem ungef\u00e4hren Gewicht, das sich aus dem Gewicht der f\u00fcr den Versand verwendeten Verpackungsmaterialien ergibt.<\/li>\r\n<\/ol>\r\n<p><strong>PRODUKT- ODER BESTELLANFRAGE<\/strong><\/p>\r\n<ol start=\"13\">\r\n<li>Bestellungen auf der SITE k\u00f6nnen 24 Stunden am Tag, 7 Tage die Woche aufgegeben werden, au\u00dfer in F\u00e4llen von h\u00f6herer Gewalt.<\/li>\r\n<li>W\u00e4hrend Sie sich auf der SITE umsehen, k\u00f6nnen Sie durch Klicken auf die Schaltfl\u00e4che &#8220;Kaufen&#8221;\/&#8221;Hinzuf\u00fcgen&#8221; etwas in den Warenkorb legen.<\/li>\r\n<li>Wenn Sie die Auswahl der Produkte abgeschlossen haben, k\u00f6nnen Sie oben auf der SITE die Option &#8220;x Produkte&#8221; \/ &#8220;Warenkorb&#8221; w\u00e4hlen, um den Kauf abzuschlie\u00dfen.<\/li>\r\n<li>Im Feld &#8220;Porto&#8221; k\u00f6nnen Sie w\u00e4hlen, ob Sie das Produkt in unserem Gesch\u00e4ft in Ponta Delgada, Rua da Guarita 123 9700-096 Angra do Hero\u00edsmo abholen m\u00f6chten.<\/li>\r\n<\/ol>\r\n<p>16.1 Wir liefern auf das portugiesische Festland, die Azoren und die Madeira-Inseln.<\/p>\r\n<p>16.2 Bei Abholung im Gesch\u00e4ft in Ponta Delgada fallen keine Versandkosten an.<\/p>\r\n<ol start=\"17\">\r\n<li>Bestellungen werden nur f\u00fcr Lieferungen innerhalb des portugiesischen Festlands und der autonomen Regionen Madeira und Azoren angenommen.<\/li>\r\n<li>Nachdem Sie Ihre pers\u00f6nlichen Daten eingegeben haben, best\u00e4tigen Sie auch die Absicht, die BESTELLUNG aufzugeben.<\/li>\r\n<li>Sobald die Best\u00e4tigung erfolgt ist, wird die BESTELLUNG bearbeitet und kann nicht mehr r\u00fcckg\u00e4ngig gemacht werden, mit Ausnahme des R\u00fccktrittsrechts gem\u00e4\u00df den Punkten 30 bis 33.<\/li>\r\n<li>Ihre BESTELLUNG wird erst dann angenommen und der Vertrag kommt erst dann zustande, wenn Sie per E-Mail die Best\u00e4tigung \u00fcber die Annahme der Bestellung erhalten und die Zahlung geleistet haben.<\/li>\r\n<li><br \/>Die Zahlung muss bei Best\u00e4tigung des Auftrags erfolgen.<\/li>\r\n<li><br \/>Die akzeptierten Zahlungsarten sind: Kreditkarte oder ATM-Referenz.<br \/><br \/><strong>LIEFERUNG BESTELLEN<\/strong><\/li>\r\n<li>Die BESTELLUNG wird durch einen Kurierdienst (ctt, Spediteur, ems oder einen anderen Dienst) zugestellt.<\/li>\r\n<li>Die Versandfrist betr\u00e4gt grunds\u00e4tzlich bis zu 48 Stunden an Werktagen ab dem Datum des Eingangs und der Zahlungsbest\u00e4tigung der BESTELLUNG durch unser Unternehmen, au\u00dfer im Falle eines Lagerausfalls, in dem eine andere Versandfrist vorgeschlagen wird, mit Ausnahme von personalisierten Produkten, deren Personalisierung l\u00e4nger dauern kann.<\/li>\r\n<li>Ist an der angegebenen Adresse niemand anzutreffen, verbleibt die BESTELLUNG w\u00e4hrend 3 Arbeitstagen bei der CTT-Station oder dem Spediteur der oben genannten Adresse und wird nach Ablauf dieser Frist an das Unternehmen zur\u00fcckgeschickt. Nach Ablauf dieser Frist werden die Artikel an Paulo Aguiar, Unipessoal Lda. zur\u00fcckgeschickt und der Kunde wird kontaktiert, um eine neue Lieferung zu vereinbaren, die zu Lasten des Kunden geht.<\/li>\r\n<\/ol>\r\n<p><strong>GARANTIE<\/strong><\/p>\r\n<ol start=\"26\">\r\n<li>F\u00fcr die auf der SITE gekauften Artikel gilt eine Garantie von zwei Jahren, sofern nicht ausdr\u00fccklich anders angegeben.<\/li>\r\n<li>Um diese Garantie in Anspruch nehmen zu k\u00f6nnen, muss der BENUTZER die Rechnung als Kaufbeleg aufbewahren.<\/li>\r\n<li>DAS UNTERNEHMEN ist nur ein Wiederverk\u00e4ufer. Alle von DER FIRMA verkauften Produkte werden nicht von uns hergestellt. Die Produktgarantie wird vom jeweiligen Hersteller im Rahmen der gesetzlichen Bestimmungen gew\u00e4hrt, zu deren Gew\u00e4hrung der Hersteller verpflichtet ist, und betr\u00e4gt maximal 2 Jahre ab Kaufdatum.<\/li>\r\n<li>Sollten Sie Schwierigkeiten bei der Installation\/Benutzung eines Produkts haben, vergewissern Sie sich zun\u00e4chst, dass Sie alle in den Bedienungsanleitungen des Herstellers enthaltenen Anweisungen befolgen. Sollte das Problem weiterhin bestehen, wenden Sie sich direkt an den Hersteller oder an unser Unternehmen.<\/li>\r\n<\/ol>\r\n<p>29.1 Wir tun unser Bestes, um Ihr Produkt so schnell wie m\u00f6glich umzutauschen, aber die L\u00f6sungszeit h\u00e4ngt nicht nur von uns ab. Alle Produkte, die bei uns eintreffen, werden gepr\u00fcft und innerhalb von 48 Stunden versandt. Von da an liegt es in der Verantwortung der Hersteller und Lieferanten.<\/p>\r\n<p>29.2 Bei Produkten, die nicht mehr hergestellt werden, kann der Umtausch gegen ein gleichwertiges oder h\u00f6herwertiges Produkt, das derzeit im Verkauf ist, erfolgen, aber dieser Umtausch liegt in der Verantwortung des Lieferanten oder des Herstellers, wenn dies nicht m\u00f6glich ist, kann die R\u00fcckerstattung erfolgen.<\/p>\r\n<p><strong>Vertragsaufl\u00f6sung und Erstattungen<\/strong><\/p>\r\n<ol start=\"30\">\r\n<li>Der BENUTZER hat das Recht, den Kauf zu stornieren, wenn er sein Produkt nicht innerhalb von 30 Tagen erh\u00e4lt, und das Porto geht zu Lasten des Kunden.<\/li>\r\n<li>Der BENUTZER kann den auf der Site abgeschlossenen und durchgef\u00fchrten Vertrag gem\u00e4\u00df Artikel 10 der Gesetzesverordnung Nr. 24\/2014 vom 14. Februar frei k\u00fcndigen, wobei der BENUTZER die Kosten f\u00fcr die R\u00fccksendung oder das Porto zu tragen hat. Dazu muss der BENUTZER innerhalb einer Frist von h\u00f6chstens 14 Tagen ab dem Datum des Empfangs ein Einschreiben mit R\u00fcckschein an die Adresse Rua da Guarita 123 9700-096 Angra do Hero\u00edsmo senden.<\/li>\r\n<li>Im Falle einer Vertragsaufl\u00f6sung verf\u00fcgt der Kunde \u00fcber eine Frist von maximal 30 Tagen ab dem Datum des Eingangs der Bestellung, um das\/die gekaufte(n) Produkt(e) mit dem gesamten Zubeh\u00f6r und der\/den jeweiligen Verpackung(en) in einwandfreiem Zustand, ohne Kratzer oder Gebrauchsspuren und der Bedienungsanleitung zusammen mit einer Kopie der Verkaufsrechnung und dem Dokument, das den Eingang der Bestellung best\u00e4tigt, an das Unternehmen an die oben angegebene Adresse zur\u00fcckzusenden:<\/li>\r\n<\/ol>\r\n<p><br \/>a)- B\u00fccher ausschlie\u00dflich im Originalzustand, ohne Gebrauchsspuren, Falten, Flecken, zerrissene, geknickte oder beschriebene Seiten;<\/p>\r\n<ol>\r\n<li>b) &#8211; Filme, Fernsehen und Musik: CD, DVD, Vinyl usw. in unge\u00f6ffneter Verpackung und mit intaktem Siegel;<\/li>\r\n<li>c) &#8211; Software und Videospiele in unge\u00f6ffneter Verpackung und mit intakten Siegeln;<\/li>\r\n<li>d) &#8211; Elektronik (TV, Audio, Video, Computer, GPS, etc.) mit Produkten ohne Anzeichen von Missbrauch. R\u00fccksendung des kompletten Produkts mit allen Komponenten und Zubeh\u00f6rteilen, Bedienungsanleitung und Originalverpackung in einwandfreiem Zustand;<\/li>\r\n<li>e) &#8211; Kleidungsst\u00fccke, Schuhe und Zubeh\u00f6r im Originalzustand und mit allen Verpackungen und Etiketten;<\/li>\r\n<\/ol>\r\n<p>f)- Verbleibende Produkte ohne Anzeichen einer unsachgem\u00e4\u00dfen Verwendung. R\u00fccksendung des kompletten Produkts mit allen Komponenten und Zubeh\u00f6rteilen, Bedienungsanleitung und Originalverpackung in einwandfreiem Zustand;<br \/><br \/>Der Verbraucher verliert das Recht auf eine kostenlose L\u00f6sung, wenn die oben genannten Bedingungen nicht erf\u00fcllt sind.<\/p>\r\n<ol start=\"33\">\r\n<li>Nach Erhalt der zur\u00fcckgesandten Bestellung und aller im vorstehenden Punkt genannten Unterlagen erstattet das Unternehmen die vom Kunden gezahlten Betr\u00e4ge vorzugsweise auf demselben Zahlungsweg innerhalb einer Frist von h\u00f6chstens 14 Tagen zur\u00fcck, ohne dass dem Kunden irgendwelche Kosten entstehen, mit Ausnahme der R\u00fccksende- oder Portokosten.<\/li>\r\n<li><strong>Verbraucherstreitigkeiten<\/strong><\/li>\r\n<\/ol>\r\n<p>Die Europ\u00e4ische Union hat eine Website eingerichtet, um die Verbraucher bei der Einreichung von Beschwerden \u00fcber Streitigkeiten, an denen sie beteiligt sind, zu unterst\u00fctzen. In diesem Rahmen stellt Paulo Aguiar, Unipessoal Lda alle Informationen zur Verf\u00fcgung, damit Sie Ihr Klagerecht bei einer offiziellen, dritten und unparteiischen Stelle geltend machen k\u00f6nnen. Wenn Sie also mit dem Kauf einer Ware oder Dienstleistung auf unserer Website oder mit der von uns pr\u00e4sentierten L\u00f6sung unzufrieden waren, k\u00f6nnen Sie diese offizielle Website <a href=\"https:\/\/ec.europa.eu\/consumers\/odr\">https:\/\/ec.europa.eu\/consumers\/odr<\/a> aufrufen und Ihre Anfechtung vorbringen.<\/p>\r\n<ol start=\"35\">\r\n<li>Alle elektronischen Nachrichten, die w\u00e4hrend des Zugriffs auf den Online-Shop gesendet werden, einschlie\u00dflich E-Mails und Nachrichten \u00fcber einen Internet-Browser, werden f\u00fcr die Zwecke des anwendbaren Rechts als Vertragserkl\u00e4rungen betrachtet.<\/li>\r\n<li>Die alternative Streitbeilegung ist die M\u00f6glichkeit f\u00fcr alle Verbraucher, sich an offizielle Stellen zu wenden, die ihnen bei der L\u00f6sung eines Konflikts helfen oder sie dabei begleiten k\u00f6nnen, bevor sie einen Rechtsstreit vor Gericht f\u00fchren. In der Regel l\u00e4uft das Verfahren wie folgt ab: Der Kunde bittet einen unparteiischen Dritten, als Vermittler zwischen ihm und dem Gewerbetreibenden, der Gegenstand seiner Beschwerde ist, einzugreifen. Der Vermittler kann eine L\u00f6sung f\u00fcr Ihre Beschwerde vorschlagen, beiden Parteien eine L\u00f6sung auferlegen oder die Parteien zusammenbringen, um eine L\u00f6sung zu finden.<\/li>\r\n<\/ol>\r\n<p>Vielleicht kennen Sie das Konzept der alternativen Streitbeilegung unter einem anderen Namen: &#8220;Mediation&#8221;, &#8220;Schlichtung&#8221;, &#8220;Schiedsverfahren&#8221; oder &#8220;zust\u00e4ndige Kommission im Bereich der Verbraucherstreitigkeiten&#8221;.<\/p>\r\n<p>Die alternative Streitbeilegung ist im Allgemeinen weniger kostspielig, weniger formell und schneller als der gerichtliche Weg.<\/p>\r\n<ol start=\"37\">\r\n<li>Vorschl\u00e4ge f\u00fcr alternative Streitbeilegungsstellen:<\/li>\r\n<\/ol>\r\n<p>Cniacc &#8211; Nationales Zentrum f\u00fcr Information und Schlichtung von Verbraucherkonflikten<\/p>\r\n<p><a href=\"https:\/\/www.cniacc.pt\/pt\/\">https:\/\/www.cniacc.pt\/pt\/<\/a><\/p>\r\n<p>Schlichtungsstelle f\u00fcr Verbraucherkonflikte in Lissabon<\/p>\r\n<p><a href=\"http:\/\/www.centroarbitragemlisboa.pt\/\">http:\/\/www.centroarbitragemlisboa.pt\/<\/a><\/p>\r\n<p>Vale do Ave Schiedszentrum f\u00fcr Verbraucherkonflikte\/Schiedsgericht<\/p>\r\n<p>Ciab &#8211; Zentrum f\u00fcr Verbraucherinformation, Schlichtung und Schiedsgerichtsbarkeit (Verbraucherschlichtungsgericht)<\/p>\r\n<p><a href=\"http:\/\/www.ciab.pt\/pt\/\">http:\/\/www.ciab.pt\/pt\/<\/a><\/p>\r\n<p>Cicap &#8211; Verbraucherschlichtungsgericht<\/p>\r\n<p><br \/><strong>Schlussbestimmungen<\/strong><\/p>\r\n<ol start=\"38\">\r\n<li>Alle elektronischen Nachrichten, die w\u00e4hrend des Zugriffs auf den Online-Shop gesendet werden, einschlie\u00dflich E-Mails und Nachrichten \u00fcber einen Internet-Browser, werden f\u00fcr die Zwecke des anwendbaren Rechts als Vertragserkl\u00e4rungen betrachtet.<\/li>\r\n<li>Paulo Aguiar, Unipessoal Lda kann dem Kunden Informationen \u00fcber neue Produkte, Werbeaktionen oder anderes von Interesse f\u00fcr die Kunden des Online-Shops senden, wenn der Kunde sich f\u00fcr den Newsletter angemeldet hat.<\/li>\r\n<li>F\u00fcr Kommentare oder Fragen wenden Sie sich bitte an unseren Kundendienst unter der Telefonnummer <a href=\"tel:917%20553%20111\">917 553 111 <\/a>oder per E-Mail an geral@aguiaturazores.com.<\/li>\r\n<\/ol>\r\n","protected":false},"excerpt":{"rendered":"<p>PR\u00c4AMBEL: Diese Allgemeinen Gesch\u00e4ftsbedingungen f\u00fcr den Online-Verkauf, im Folgenden als [BEDINGUNGEN] bezeichnet, werden zwischen Paulo Aguiar, Unipessoal Lda mit Sitz&hellip;<\/p>\n","protected":false},"author":1,"featured_media":2587,"parent":0,"menu_order":0,"comment_status":"closed","ping_status":"closed","template":"","meta":{"footnotes":""},"class_list":["post-2030","page","type-page","status-publish","has-post-thumbnail","hentry"],"yoast_head":"<!-- This site is optimized with the Yoast SEO plugin v18.2 - https:\/\/yoast.com\/wordpress\/plugins\/seo\/ -->\n<title>Gesch\u00e4ftsbedingungen - Aguiatur<\/title>\n<meta name=\"robots\" content=\"index, follow, max-snippet:-1, max-image-preview:large, max-video-preview:-1\" \/>\n<link rel=\"canonical\" href=\"https:\/\/aguiaturazores.com\/de\/geschaeftsbedingungen\/\" \/>\n<meta property=\"og:locale\" content=\"de_DE\" \/>\n<meta property=\"og:type\" content=\"article\" \/>\n<meta property=\"og:title\" content=\"Gesch\u00e4ftsbedingungen - Aguiatur\" \/>\n<meta property=\"og:description\" content=\"PR\u00c4AMBEL: Diese Allgemeinen Gesch\u00e4ftsbedingungen f\u00fcr den Online-Verkauf, im Folgenden als [BEDINGUNGEN] bezeichnet, werden zwischen Paulo Aguiar, Unipessoal Lda mit Sitz&hellip;\" \/>\n<meta property=\"og:url\" content=\"https:\/\/aguiaturazores.com\/de\/geschaeftsbedingungen\/\" \/>\n<meta property=\"og:site_name\" content=\"Aguiatur\" \/>\n<meta property=\"article:modified_time\" content=\"2021-11-22T12:34:27+00:00\" \/>\n<meta property=\"og:image\" content=\"https:\/\/aguiaturazores.com\/wp-content\/uploads\/2021\/11\/AGUIATUR-49-scaled-e1636028650947.jpg\" \/>\n\t<meta property=\"og:image:width\" content=\"2560\" \/>\n\t<meta property=\"og:image:height\" content=\"1707\" \/>\n\t<meta property=\"og:image:type\" content=\"image\/jpeg\" \/>\n<meta name=\"twitter:card\" content=\"summary_large_image\" \/>\n<meta name=\"twitter:label1\" content=\"Gesch\u00e4tzte Lesezeit\" \/>\n\t<meta name=\"twitter:data1\" content=\"8\u00a0Minuten\" \/>\n<script type=\"application\/ld+json\" class=\"yoast-schema-graph\">{\"@context\":\"https:\/\/schema.org\",\"@graph\":[{\"@type\":\"WebSite\",\"@id\":\"https:\/\/aguiaturazores.com\/#website\",\"url\":\"https:\/\/aguiaturazores.com\/\",\"name\":\"Aguiatur\",\"description\":\"\",\"potentialAction\":[{\"@type\":\"SearchAction\",\"target\":{\"@type\":\"EntryPoint\",\"urlTemplate\":\"https:\/\/aguiaturazores.com\/?s={search_term_string}\"},\"query-input\":\"required name=search_term_string\"}],\"inLanguage\":\"de\"},{\"@type\":\"ImageObject\",\"@id\":\"https:\/\/aguiaturazores.com\/de\/geschaeftsbedingungen\/#primaryimage\",\"inLanguage\":\"de\",\"url\":\"https:\/\/aguiaturazores.com\/wp-content\/uploads\/2021\/11\/AGUIATUR-49-scaled-e1636028650947.jpg\",\"contentUrl\":\"https:\/\/aguiaturazores.com\/wp-content\/uploads\/2021\/11\/AGUIATUR-49-scaled-e1636028650947.jpg\",\"width\":2560,\"height\":1707},{\"@type\":\"WebPage\",\"@id\":\"https:\/\/aguiaturazores.com\/de\/geschaeftsbedingungen\/#webpage\",\"url\":\"https:\/\/aguiaturazores.com\/de\/geschaeftsbedingungen\/\",\"name\":\"Gesch\u00e4ftsbedingungen - Aguiatur\",\"isPartOf\":{\"@id\":\"https:\/\/aguiaturazores.com\/#website\"},\"primaryImageOfPage\":{\"@id\":\"https:\/\/aguiaturazores.com\/de\/geschaeftsbedingungen\/#primaryimage\"},\"datePublished\":\"2021-10-24T15:58:27+00:00\",\"dateModified\":\"2021-11-22T12:34:27+00:00\",\"breadcrumb\":{\"@id\":\"https:\/\/aguiaturazores.com\/de\/geschaeftsbedingungen\/#breadcrumb\"},\"inLanguage\":\"de\",\"potentialAction\":[{\"@type\":\"ReadAction\",\"target\":[\"https:\/\/aguiaturazores.com\/de\/geschaeftsbedingungen\/\"]}]},{\"@type\":\"BreadcrumbList\",\"@id\":\"https:\/\/aguiaturazores.com\/de\/geschaeftsbedingungen\/#breadcrumb\",\"itemListElement\":[{\"@type\":\"ListItem\",\"position\":1,\"name\":\"In\u00edcio\",\"item\":\"https:\/\/aguiaturazores.com\/de\/home\/\"},{\"@type\":\"ListItem\",\"position\":2,\"name\":\"Gesch\u00e4ftsbedingungen\"}]}]}<\/script>\n<!-- \/ Yoast SEO plugin. -->","yoast_head_json":{"title":"Gesch\u00e4ftsbedingungen - Aguiatur","robots":{"index":"index","follow":"follow","max-snippet":"max-snippet:-1","max-image-preview":"max-image-preview:large","max-video-preview":"max-video-preview:-1"},"canonical":"https:\/\/aguiaturazores.com\/de\/geschaeftsbedingungen\/","og_locale":"de_DE","og_type":"article","og_title":"Gesch\u00e4ftsbedingungen - Aguiatur","og_description":"PR\u00c4AMBEL: Diese Allgemeinen Gesch\u00e4ftsbedingungen f\u00fcr den Online-Verkauf, im Folgenden als [BEDINGUNGEN] bezeichnet, werden zwischen Paulo Aguiar, Unipessoal Lda mit Sitz&hellip;","og_url":"https:\/\/aguiaturazores.com\/de\/geschaeftsbedingungen\/","og_site_name":"Aguiatur","article_modified_time":"2021-11-22T12:34:27+00:00","og_image":[{"width":2560,"height":1707,"url":"https:\/\/aguiaturazores.com\/wp-content\/uploads\/2021\/11\/AGUIATUR-49-scaled-e1636028650947.jpg","type":"image\/jpeg"}],"twitter_card":"summary_large_image","twitter_misc":{"Gesch\u00e4tzte Lesezeit":"8\u00a0Minuten"},"schema":{"@context":"https:\/\/schema.org","@graph":[{"@type":"WebSite","@id":"https:\/\/aguiaturazores.com\/#website","url":"https:\/\/aguiaturazores.com\/","name":"Aguiatur","description":"","potentialAction":[{"@type":"SearchAction","target":{"@type":"EntryPoint","urlTemplate":"https:\/\/aguiaturazores.com\/?s={search_term_string}"},"query-input":"required name=search_term_string"}],"inLanguage":"de"},{"@type":"ImageObject","@id":"https:\/\/aguiaturazores.com\/de\/geschaeftsbedingungen\/#primaryimage","inLanguage":"de","url":"https:\/\/aguiaturazores.com\/wp-content\/uploads\/2021\/11\/AGUIATUR-49-scaled-e1636028650947.jpg","contentUrl":"https:\/\/aguiaturazores.com\/wp-content\/uploads\/2021\/11\/AGUIATUR-49-scaled-e1636028650947.jpg","width":2560,"height":1707},{"@type":"WebPage","@id":"https:\/\/aguiaturazores.com\/de\/geschaeftsbedingungen\/#webpage","url":"https:\/\/aguiaturazores.com\/de\/geschaeftsbedingungen\/","name":"Gesch\u00e4ftsbedingungen - Aguiatur","isPartOf":{"@id":"https:\/\/aguiaturazores.com\/#website"},"primaryImageOfPage":{"@id":"https:\/\/aguiaturazores.com\/de\/geschaeftsbedingungen\/#primaryimage"},"datePublished":"2021-10-24T15:58:27+00:00","dateModified":"2021-11-22T12:34:27+00:00","breadcrumb":{"@id":"https:\/\/aguiaturazores.com\/de\/geschaeftsbedingungen\/#breadcrumb"},"inLanguage":"de","potentialAction":[{"@type":"ReadAction","target":["https:\/\/aguiaturazores.com\/de\/geschaeftsbedingungen\/"]}]},{"@type":"BreadcrumbList","@id":"https:\/\/aguiaturazores.com\/de\/geschaeftsbedingungen\/#breadcrumb","itemListElement":[{"@type":"ListItem","position":1,"name":"In\u00edcio","item":"https:\/\/aguiaturazores.com\/de\/home\/"},{"@type":"ListItem","position":2,"name":"Gesch\u00e4ftsbedingungen"}]}]}},"_links":{"self":[{"href":"https:\/\/aguiaturazores.com\/de\/wp-json\/wp\/v2\/pages\/2030","targetHints":{"allow":["GET"]}}],"collection":[{"href":"https:\/\/aguiaturazores.com\/de\/wp-json\/wp\/v2\/pages"}],"about":[{"href":"https:\/\/aguiaturazores.com\/de\/wp-json\/wp\/v2\/types\/page"}],"author":[{"embeddable":true,"href":"https:\/\/aguiaturazores.com\/de\/wp-json\/wp\/v2\/users\/1"}],"replies":[{"embeddable":true,"href":"https:\/\/aguiaturazores.com\/de\/wp-json\/wp\/v2\/comments?post=2030"}],"version-history":[{"count":4,"href":"https:\/\/aguiaturazores.com\/de\/wp-json\/wp\/v2\/pages\/2030\/revisions"}],"predecessor-version":[{"id":3207,"href":"https:\/\/aguiaturazores.com\/de\/wp-json\/wp\/v2\/pages\/2030\/revisions\/3207"}],"wp:featuredmedia":[{"embeddable":true,"href":"https:\/\/aguiaturazores.com\/de\/wp-json\/wp\/v2\/media\/2587"}],"wp:attachment":[{"href":"https:\/\/aguiaturazores.com\/de\/wp-json\/wp\/v2\/media?parent=2030"}],"curies":[{"name":"wp","href":"https:\/\/api.w.org\/{rel}","templated":true}]}}