{"id":1702,"date":"2021-10-23T16:50:29","date_gmt":"2021-10-23T16:50:29","guid":{"rendered":"http:\/\/aguiaturazores.com\/carrito\/"},"modified":"2021-11-22T13:26:43","modified_gmt":"2021-11-22T13:26:43","slug":"carrito","status":"publish","type":"page","link":"https:\/\/aguiaturazores.com\/es\/carrito\/","title":{"rendered":"Carrito"},"content":{"rendered":"\n","protected":false},"excerpt":{"rendered":"","protected":false},"author":1,"featured_media":4830,"parent":0,"menu_order":0,"comment_status":"closed","ping_status":"closed","template":"","meta":{"footnotes":""},"class_list":["post-1702","page","type-page","status-publish","has-post-thumbnail","hentry"],"yoast_head":"<!-- This site is optimized with the Yoast SEO plugin v18.2 - https:\/\/yoast.com\/wordpress\/plugins\/seo\/ -->\n<title>Carrito de la Compra - Empresa de animaci\u00f3n tur\u00edstica - Aguiatur<\/title>\n<meta name=\"description\" content=\"Agregue sus actividades favoritas y \/ o productos de alquiler a su carrito. Vive experiencias \u00fanicas en compa\u00f1\u00eda de Aguiatur.\" \/>\n<meta name=\"robots\" content=\"index, follow, max-snippet:-1, max-image-preview:large, max-video-preview:-1\" \/>\n<link rel=\"canonical\" href=\"https:\/\/aguiaturazores.com\/es\/carrito\/\" \/>\n<meta property=\"og:locale\" content=\"es_ES\" \/>\n<meta property=\"og:type\" content=\"article\" \/>\n<meta property=\"og:title\" content=\"Carrito de la Compra - Empresa de animaci\u00f3n tur\u00edstica - Aguiatur\" \/>\n<meta property=\"og:description\" content=\"Agregue sus actividades favoritas y \/ o productos de alquiler a su carrito. Vive experiencias \u00fanicas en compa\u00f1\u00eda de Aguiatur.\" \/>\n<meta property=\"og:url\" content=\"https:\/\/aguiaturazores.com\/es\/carrito\/\" \/>\n<meta property=\"og:site_name\" content=\"Aguiatur\" \/>\n<meta property=\"article:modified_time\" content=\"2021-11-22T13:26:43+00:00\" \/>\n<meta property=\"og:image\" content=\"https:\/\/aguiaturazores.com\/wp-content\/uploads\/2022\/01\/IMG_6590_1-3-scaled.jpg\" \/>\n\t<meta property=\"og:image:width\" content=\"2560\" \/>\n\t<meta property=\"og:image:height\" content=\"648\" \/>\n\t<meta property=\"og:image:type\" content=\"image\/jpeg\" \/>\n<meta name=\"twitter:card\" content=\"summary_large_image\" \/>\n<script type=\"application\/ld+json\" class=\"yoast-schema-graph\">{\"@context\":\"https:\/\/schema.org\",\"@graph\":[{\"@type\":\"WebSite\",\"@id\":\"https:\/\/aguiaturazores.com\/#website\",\"url\":\"https:\/\/aguiaturazores.com\/\",\"name\":\"Aguiatur\",\"description\":\"\",\"potentialAction\":[{\"@type\":\"SearchAction\",\"target\":{\"@type\":\"EntryPoint\",\"urlTemplate\":\"https:\/\/aguiaturazores.com\/?s={search_term_string}\"},\"query-input\":\"required name=search_term_string\"}],\"inLanguage\":\"es\"},{\"@type\":\"ImageObject\",\"@id\":\"https:\/\/aguiaturazores.com\/es\/carrito\/#primaryimage\",\"inLanguage\":\"es\",\"url\":\"https:\/\/aguiaturazores.com\/wp-content\/uploads\/2022\/01\/IMG_6590_1-3-scaled.jpg\",\"contentUrl\":\"https:\/\/aguiaturazores.com\/wp-content\/uploads\/2022\/01\/IMG_6590_1-3-scaled.jpg\",\"width\":2560,\"height\":648},{\"@type\":\"WebPage\",\"@id\":\"https:\/\/aguiaturazores.com\/es\/carrito\/#webpage\",\"url\":\"https:\/\/aguiaturazores.com\/es\/carrito\/\",\"name\":\"Carrito de la Compra - Empresa de animaci\u00f3n tur\u00edstica - Aguiatur\",\"isPartOf\":{\"@id\":\"https:\/\/aguiaturazores.com\/#website\"},\"primaryImageOfPage\":{\"@id\":\"https:\/\/aguiaturazores.com\/es\/carrito\/#primaryimage\"},\"datePublished\":\"2021-10-23T16:50:29+00:00\",\"dateModified\":\"2021-11-22T13:26:43+00:00\",\"description\":\"Agregue sus actividades favoritas y \/ o productos de alquiler a su carrito. Vive experiencias \u00fanicas en compa\u00f1\u00eda de Aguiatur.\",\"breadcrumb\":{\"@id\":\"https:\/\/aguiaturazores.com\/es\/carrito\/#breadcrumb\"},\"inLanguage\":\"es\",\"potentialAction\":[{\"@type\":\"ReadAction\",\"target\":[\"https:\/\/aguiaturazores.com\/es\/carrito\/\"]}]},{\"@type\":\"BreadcrumbList\",\"@id\":\"https:\/\/aguiaturazores.com\/es\/carrito\/#breadcrumb\",\"itemListElement\":[{\"@type\":\"ListItem\",\"position\":1,\"name\":\"In\u00edcio\",\"item\":\"https:\/\/aguiaturazores.com\/es\/home\/\"},{\"@type\":\"ListItem\",\"position\":2,\"name\":\"Carrito\"}]}]}<\/script>\n<!-- \/ Yoast SEO plugin. -->","yoast_head_json":{"title":"Carrito de la Compra - Empresa de animaci\u00f3n tur\u00edstica - Aguiatur","description":"Agregue sus actividades favoritas y \/ o productos de alquiler a su carrito. Vive experiencias \u00fanicas en compa\u00f1\u00eda de Aguiatur.","robots":{"index":"index","follow":"follow","max-snippet":"max-snippet:-1","max-image-preview":"max-image-preview:large","max-video-preview":"max-video-preview:-1"},"canonical":"https:\/\/aguiaturazores.com\/es\/carrito\/","og_locale":"es_ES","og_type":"article","og_title":"Carrito de la Compra - Empresa de animaci\u00f3n tur\u00edstica - Aguiatur","og_description":"Agregue sus actividades favoritas y \/ o productos de alquiler a su carrito. Vive experiencias \u00fanicas en compa\u00f1\u00eda de Aguiatur.","og_url":"https:\/\/aguiaturazores.com\/es\/carrito\/","og_site_name":"Aguiatur","article_modified_time":"2021-11-22T13:26:43+00:00","og_image":[{"width":2560,"height":648,"url":"https:\/\/aguiaturazores.com\/wp-content\/uploads\/2022\/01\/IMG_6590_1-3-scaled.jpg","type":"image\/jpeg"}],"twitter_card":"summary_large_image","schema":{"@context":"https:\/\/schema.org","@graph":[{"@type":"WebSite","@id":"https:\/\/aguiaturazores.com\/#website","url":"https:\/\/aguiaturazores.com\/","name":"Aguiatur","description":"","potentialAction":[{"@type":"SearchAction","target":{"@type":"EntryPoint","urlTemplate":"https:\/\/aguiaturazores.com\/?s={search_term_string}"},"query-input":"required name=search_term_string"}],"inLanguage":"es"},{"@type":"ImageObject","@id":"https:\/\/aguiaturazores.com\/es\/carrito\/#primaryimage","inLanguage":"es","url":"https:\/\/aguiaturazores.com\/wp-content\/uploads\/2022\/01\/IMG_6590_1-3-scaled.jpg","contentUrl":"https:\/\/aguiaturazores.com\/wp-content\/uploads\/2022\/01\/IMG_6590_1-3-scaled.jpg","width":2560,"height":648},{"@type":"WebPage","@id":"https:\/\/aguiaturazores.com\/es\/carrito\/#webpage","url":"https:\/\/aguiaturazores.com\/es\/carrito\/","name":"Carrito de la Compra - Empresa de animaci\u00f3n tur\u00edstica - Aguiatur","isPartOf":{"@id":"https:\/\/aguiaturazores.com\/#website"},"primaryImageOfPage":{"@id":"https:\/\/aguiaturazores.com\/es\/carrito\/#primaryimage"},"datePublished":"2021-10-23T16:50:29+00:00","dateModified":"2021-11-22T13:26:43+00:00","description":"Agregue sus actividades favoritas y \/ o productos de alquiler a su carrito. Vive experiencias \u00fanicas en compa\u00f1\u00eda de Aguiatur.","breadcrumb":{"@id":"https:\/\/aguiaturazores.com\/es\/carrito\/#breadcrumb"},"inLanguage":"es","potentialAction":[{"@type":"ReadAction","target":["https:\/\/aguiaturazores.com\/es\/carrito\/"]}]},{"@type":"BreadcrumbList","@id":"https:\/\/aguiaturazores.com\/es\/carrito\/#breadcrumb","itemListElement":[{"@type":"ListItem","position":1,"name":"In\u00edcio","item":"https:\/\/aguiaturazores.com\/es\/home\/"},{"@type":"ListItem","position":2,"name":"Carrito"}]}]}},"_links":{"self":[{"href":"https:\/\/aguiaturazores.com\/es\/wp-json\/wp\/v2\/pages\/1702","targetHints":{"allow":["GET"]}}],"collection":[{"href":"https:\/\/aguiaturazores.com\/es\/wp-json\/wp\/v2\/pages"}],"about":[{"href":"https:\/\/aguiaturazores.com\/es\/wp-json\/wp\/v2\/types\/page"}],"author":[{"embeddable":true,"href":"https:\/\/aguiaturazores.com\/es\/wp-json\/wp\/v2\/users\/1"}],"replies":[{"embeddable":true,"href":"https:\/\/aguiaturazores.com\/es\/wp-json\/wp\/v2\/comments?post=1702"}],"version-history":[{"count":1,"href":"https:\/\/aguiaturazores.com\/es\/wp-json\/wp\/v2\/pages\/1702\/revisions"}],"predecessor-version":[{"id":3220,"href":"https:\/\/aguiaturazores.com\/es\/wp-json\/wp\/v2\/pages\/1702\/revisions\/3220"}],"wp:featuredmedia":[{"embeddable":true,"href":"https:\/\/aguiaturazores.com\/es\/wp-json\/wp\/v2\/media\/4830"}],"wp:attachment":[{"href":"https:\/\/aguiaturazores.com\/es\/wp-json\/wp\/v2\/media?parent=1702"}],"curies":[{"name":"wp","href":"https:\/\/api.w.org\/{rel}","templated":true}]}}