{"id":2026,"date":"2021-10-24T15:55:58","date_gmt":"2021-10-24T15:55:58","guid":{"rendered":"http:\/\/aguiaturazores.com\/sobre-nosotros\/"},"modified":"2022-01-21T12:41:09","modified_gmt":"2022-01-21T12:41:09","slug":"sobre-nosotros","status":"publish","type":"page","link":"https:\/\/aguiaturazores.com\/es\/sobre-nosotros\/","title":{"rendered":"Sobre Nosotros"},"content":{"rendered":"<p>[vc_row full_width=&#8221;stretch_row&#8221; parallax=&#8221;content-moving&#8221; css=&#8221;.vc_custom_1634828330931{padding-top: 6.2em !important;padding-bottom: 7.2em !important;}&#8221;][vc_column][vc_column_text el_class=&#8221;aboutUs&#8221;]<div class=\"vc_row wpb_row vc_row-fluid vc_custom_1476885050757\">\n\t\t <div class=\"wpb_column vc_column_container vc_col-sm-8\">\n\t\t\t\t<div class=\"vc_column-inner vc_custom_1476879863491\">\n\t\t\t\t\t <div class=\"wpb_wrapper\">\n\t\t\t\t\t\t\t<div id=\"sc_title_1342445242\" class=\"scheme_default sc_title sc_title_default\">\n\t\t\t\t\t\t\t\t <h2 class=\"sc_item_title sc_title_title sc_align_left sc_item_title_style_title-medium-size-style\">Historia<\/h2>\n\t\t\t\t\t\t\t<\/div>\n\t\t\t\t\t\t\t<div class=\"wpb_text_column wpb_content_element  vc_custom_1477401114822\">\n\t\t\t\t\t\t\t\t <div class=\"wpb_wrapper\">\n\t\t\t\t\t\t\t\t\t\t<p>Aguiatur es una empresa de entretenimiento tur\u00edstico creada en 2004, con sede en Isla Terceira - Azores. La oficina est\u00e1 ubicada en la Marina de Angra de Hero\u00edsmo, y est\u00e1 apoyada por un quiosco en la Avenida Tenente Coronel Jos\u00e9 Agostinho. La empresa est\u00e1 formada por un equipo joven y din\u00e1mico con formaci\u00f3n superior en diversas \u00e1reas, desarrollando actividades durante todo el a\u00f1o, tanto en tierra como en el mar.<br \/>\nLas actividades mar\u00edtimas juegan un papel muy importante para la empresa, especialmente el avistamiento de ballenas. Al estar ubicado en medio del Oc\u00e9ano Atl\u00e1ntico, el archipi\u00e9lago de los Azores se encuentra en la ruta migratoria de muchas especies de cet\u00e1ceos, lo que lo convierte en uno de los mejores lugares del mundo para la observaci\u00f3n de ballenas y delfines. Aqu\u00ed podemos encontrar alrededor de 25 especies diferentes de cet\u00e1ceos. Adem\u00e1s de la contemplaci\u00f3n de la vida marina, realizamos paseos en barco por la costa sur de la isla y Islotes de las Cabras. Nuestros visitantes tambi\u00e9n pueden apreciar los contornos de la bah\u00eda de Angra do Hero\u00edsmo en canoa.<br \/>\nLas actividades en tierra permiten a nuestros hu\u00e9spedes visitar volcanes y tubos de lava, respiraderos de azufre, disfrutar de vistas panor\u00e1micas en algunos de los puntos m\u00e1s altos de la isla, piscinas naturales bas\u00e1lticas, bosques ricos en endemismos y mucho m\u00e1s. Todo esto se puede explorar reservando una de nuestras actividades, como el Tour por la isla en Van, Minib\u00fas o Bus, Tour en Jeep, visita a las Cuevas Volc\u00e1nicas o caminatas.<br \/>\nTodos los recorridos est\u00e1n acompa\u00f1ados por un gu\u00eda local, que har\u00e1 todo lo posible para garantizar que todo funcione de manera segura, para que cada recorrido sea los m\u00e1s informativo y agradable posible.<\/p>\n\n\t\t\t\t\t\t\t\t <\/div>\n\t\t\t\t\t\t\t<\/div>\n\t\t\t\t\t <\/div>\n\t\t\t\t<\/div>\n\t\t <\/div>\n\t\t <div class=\"wpb_column vc_column_container vc_col-sm-4\">\n\t\t\t\t<div class=\"vc_column-inner\">\n\t\t\t\t\t <div class=\"wpb_wrapper\">\n\t\t\t\t\t\t\t<div class=\"wpb_single_image wpb_content_element vc_align_left\">\n\t\t\t\t\t\t\t\t <figure class=\"wpb_wrapper vc_figure\">\n\t\t\t\t\t\t\t\t\t\t<div class=\"vc_single_image-wrapper vc_box_circle  vc_box_border_grey\"><img loading=\"lazy\" decoding=\"async\" class=\"vc_single_image-img \" src=\"https:\/\/aguiaturazores.com\/wp-content\/uploads\/2021\/11\/AGUIATUR-33-scaled.jpg\" alt=\"background-2\" title=\"background-2\" width=\"300\" height=\"300\"><\/div>\n\t\t\t\t\t\t\t\t <\/figure>\n\t\t\t\t\t\t\t<\/div>\n\t\t\t\t\t <\/div>\n\t\t\t\t<\/div>\n\t\t <\/div>\n\t<\/div>[\/vc_column_text][\/vc_column][\/vc_row][vc_row full_width=&#8221;stretch_row&#8221; css=&#8221;.vc_custom_1476890124244{padding-top: 6.8em !important;padding-bottom: 7.25em !important;}&#8221;][vc_column][vc_column_text]<div class=\"wpb_column vc_column_container vc_col-sm-12\"><div class=\"vc_column-inner\"><div class=\"wpb_wrapper\"><div class=\"sc_team sc_team_short\" data-slides-per-view=\"4\" data-slides-min-width=\"150\">\n\t<h2 class=\"sc_item_title sc_team_title sc_align_center sc_item_title_style_default\"><\/h2><div class=\"sc_team_columns sc_item_columns trx_addons_columns_wrap columns_padding_bottom\">\n\t<div class=\"trx_addons_column-1_4\"><div class=\"sc_team_item\">\n\t\t\t\t\t\t\t<div class=\"post_featured sc_team_item_thumb trx_addons_hover trx_addons_hover_style_info\">\n\t\t\t\t\t\t\t<a href=\"\" aria-hidden=\"true\"><img decoding=\"async\" src=\"https:\/\/aguiaturazores.com\/wp-content\/uploads\/2022\/02\/Francisca-370x493.jpg\" class=\"attachment-malta-thumb-team size-malta-thumb-team wp-post-image\" loading=\"lazy\" srcset=\"\" sizes=\"auto, (max-width: 540px) 100vw, 540px\" width=\"540\" height=\"680\"><\/a>\n\t\t\t\t\t\t\t<div class=\"trx_addons_hover_content\"><\/div><div class=\"trx_addons_hover_mask\"><\/div><\/div> <div class=\"sc_team_item_info\">\n\t\t\t\t\t\t\t<div class=\"sc_team_item_header\">\n\t\t\t\t\t\t\t<h4 class=\"sc_team_item_title\"><a>Francisca Amaro<\/a><\/h4>\n\t\t\t\t\t\t\t<div class=\"sc_team_item_subtitle\">T\u00e9cnica de Rent-a-car<\/div>\n\t\t\t\t\t\t\t<\/div>\n\t\t\t\t\t\t\t<\/div>\n\t\t\t\t\t\t\t<\/div>\n\t\t\t\t\t\t\t<\/div><div class=\"trx_addons_column-1_4\"><div class=\"sc_team_item\">\n\t\t\t\t\t\t\t<div class=\"post_featured sc_team_item_thumb trx_addons_hover trx_addons_hover_style_info\">\n\t\t\t\t\t\t\t<a href=\"\" aria-hidden=\"true\"><img decoding=\"async\" src=\"https:\/\/aguiaturazores.com\/wp-content\/uploads\/2022\/01\/rodrigo-370x482.jpg\" class=\"attachment-malta-thumb-team size-malta-thumb-team wp-post-image\" loading=\"lazy\" srcset=\"\" sizes=\"auto, (max-width: 540px) 100vw, 540px\" width=\"540\" height=\"680\"><\/a>\n\t\t\t\t\t\t\t<div class=\"trx_addons_hover_content\"><\/div><div class=\"trx_addons_hover_mask\"><\/div><\/div> <div class=\"sc_team_item_info\">\n\t\t\t\t\t\t\t<div class=\"sc_team_item_header\">\n\t\t\t\t\t\t\t<h4 class=\"sc_team_item_title\"><a>Rodrigo Toste<\/a><\/h4>\n\t\t\t\t\t\t\t<div class=\"sc_team_item_subtitle\">Atendimento - Rent-a-car<\/div>\n\t\t\t\t\t\t\t<\/div>\n\t\t\t\t\t\t\t<\/div>\n\t\t\t\t\t\t\t<\/div>\n\t\t\t\t\t\t\t<\/div><div class=\"trx_addons_column-1_4\"><div class=\"sc_team_item\">\n\t\t\t\t\t\t\t<div class=\"post_featured sc_team_item_thumb trx_addons_hover trx_addons_hover_style_info\">\n\t\t\t\t\t\t\t<a href=\"\" aria-hidden=\"true\"><img decoding=\"async\" src=\"https:\/\/aguiaturazores.com\/wp-content\/uploads\/2022\/01\/264083265_4841416782570350_3501807582460496752_n-370x370.jpg\" class=\"attachment-malta-thumb-team size-malta-thumb-team wp-post-image\" loading=\"lazy\" srcset=\"\" sizes=\"auto, (max-width: 540px) 100vw, 540px\" width=\"540\" height=\"680\"><\/a>\n\t\t\t\t\t\t\t<div class=\"trx_addons_hover_content\"><\/div><div class=\"trx_addons_hover_mask\"><\/div><\/div> <div class=\"sc_team_item_info\">\n\t\t\t\t\t\t\t<div class=\"sc_team_item_header\">\n\t\t\t\t\t\t\t<h4 class=\"sc_team_item_title\"><a>Nelson Silva<\/a><\/h4>\n\t\t\t\t\t\t\t<div class=\"sc_team_item_subtitle\">Atendimento - Rent-a-car<\/div>\n\t\t\t\t\t\t\t<\/div>\n\t\t\t\t\t\t\t<\/div>\n\t\t\t\t\t\t\t<\/div>\n\t\t\t\t\t\t\t<\/div><div class=\"trx_addons_column-1_4\"><div class=\"sc_team_item\">\n\t\t\t\t\t\t\t<div class=\"post_featured sc_team_item_thumb trx_addons_hover trx_addons_hover_style_info\">\n\t\t\t\t\t\t\t<a href=\"\" aria-hidden=\"true\"><img decoding=\"async\" src=\"https:\/\/aguiaturazores.com\/wp-content\/uploads\/2021\/10\/francisca-370x370.jpg\" class=\"attachment-malta-thumb-team size-malta-thumb-team wp-post-image\" loading=\"lazy\" srcset=\"\" sizes=\"auto, (max-width: 540px) 100vw, 540px\" width=\"540\" height=\"680\"><\/a>\n\t\t\t\t\t\t\t<div class=\"trx_addons_hover_content\"><\/div><div class=\"trx_addons_hover_mask\"><\/div><\/div> <div class=\"sc_team_item_info\">\n\t\t\t\t\t\t\t<div class=\"sc_team_item_header\">\n\t\t\t\t\t\t\t<h4 class=\"sc_team_item_title\"><a>Francisca Aguiar<\/a><\/h4>\n\t\t\t\t\t\t\t<div class=\"sc_team_item_subtitle\">Gerente<\/div>\n\t\t\t\t\t\t\t<\/div>\n\t\t\t\t\t\t\t<\/div>\n\t\t\t\t\t\t\t<\/div>\n\t\t\t\t\t\t\t<\/div><div class=\"trx_addons_column-1_4\"><div class=\"sc_team_item\">\n\t\t\t\t\t\t\t<div class=\"post_featured sc_team_item_thumb trx_addons_hover trx_addons_hover_style_info\">\n\t\t\t\t\t\t\t<a href=\"\" aria-hidden=\"true\"><img decoding=\"async\" src=\"https:\/\/aguiaturazores.com\/wp-content\/uploads\/2022\/01\/IMG_20211124_092207-1-370x365.jpg\" class=\"attachment-malta-thumb-team size-malta-thumb-team wp-post-image\" loading=\"lazy\" srcset=\"\" sizes=\"auto, (max-width: 540px) 100vw, 540px\" width=\"540\" height=\"680\"><\/a>\n\t\t\t\t\t\t\t<div class=\"trx_addons_hover_content\"><\/div><div class=\"trx_addons_hover_mask\"><\/div><\/div> <div class=\"sc_team_item_info\">\n\t\t\t\t\t\t\t<div class=\"sc_team_item_header\">\n\t\t\t\t\t\t\t<h4 class=\"sc_team_item_title\"><a>Elisa Mateus<\/a><\/h4>\n\t\t\t\t\t\t\t<div class=\"sc_team_item_subtitle\">Administrativa<\/div>\n\t\t\t\t\t\t\t<\/div>\n\t\t\t\t\t\t\t<\/div>\n\t\t\t\t\t\t\t<\/div>\n\t\t\t\t\t\t\t<\/div><div class=\"trx_addons_column-1_4\"><div class=\"sc_team_item\">\n\t\t\t\t\t\t\t<div class=\"post_featured sc_team_item_thumb trx_addons_hover trx_addons_hover_style_info\">\n\t\t\t\t\t\t\t<a href=\"\" aria-hidden=\"true\"><img decoding=\"async\" src=\"https:\/\/aguiaturazores.com\/wp-content\/uploads\/2022\/01\/otavio-1-370x389.jpg\" class=\"attachment-malta-thumb-team size-malta-thumb-team wp-post-image\" loading=\"lazy\" srcset=\"\" sizes=\"auto, (max-width: 540px) 100vw, 540px\" width=\"540\" height=\"680\"><\/a>\n\t\t\t\t\t\t\t<div class=\"trx_addons_hover_content\"><\/div><div class=\"trx_addons_hover_mask\"><\/div><\/div> <div class=\"sc_team_item_info\">\n\t\t\t\t\t\t\t<div class=\"sc_team_item_header\">\n\t\t\t\t\t\t\t<h4 class=\"sc_team_item_title\"><a>Oct\u00e1vio Cabral<\/a><\/h4>\n\t\t\t\t\t\t\t<div class=\"sc_team_item_subtitle\">Administrativo<\/div>\n\t\t\t\t\t\t\t<\/div>\n\t\t\t\t\t\t\t<\/div>\n\t\t\t\t\t\t\t<\/div>\n\t\t\t\t\t\t\t<\/div><div class=\"trx_addons_column-1_4\"><div class=\"sc_team_item\">\n\t\t\t\t\t\t\t<div class=\"post_featured sc_team_item_thumb trx_addons_hover trx_addons_hover_style_info\">\n\t\t\t\t\t\t\t<a href=\"\" aria-hidden=\"true\"><img decoding=\"async\" src=\"https:\/\/aguiaturazores.com\/wp-content\/uploads\/2021\/12\/catarina-370x447.jpg\" class=\"attachment-malta-thumb-team size-malta-thumb-team wp-post-image\" loading=\"lazy\" srcset=\"\" sizes=\"auto, (max-width: 540px) 100vw, 540px\" width=\"540\" height=\"680\"><\/a>\n\t\t\t\t\t\t\t<div class=\"trx_addons_hover_content\"><\/div><div class=\"trx_addons_hover_mask\"><\/div><\/div> <div class=\"sc_team_item_info\">\n\t\t\t\t\t\t\t<div class=\"sc_team_item_header\">\n\t\t\t\t\t\t\t<h4 class=\"sc_team_item_title\"><a>Catarina Morais<\/a><\/h4>\n\t\t\t\t\t\t\t<div class=\"sc_team_item_subtitle\">T\u00e9cnica de Rent-a-car<\/div>\n\t\t\t\t\t\t\t<\/div>\n\t\t\t\t\t\t\t<\/div>\n\t\t\t\t\t\t\t<\/div>\n\t\t\t\t\t\t\t<\/div><div class=\"trx_addons_column-1_4\"><div class=\"sc_team_item\">\n\t\t\t\t\t\t\t<div class=\"post_featured sc_team_item_thumb trx_addons_hover trx_addons_hover_style_info\">\n\t\t\t\t\t\t\t<a href=\"\" aria-hidden=\"true\"><img decoding=\"async\" src=\"https:\/\/aguiaturazores.com\/wp-content\/uploads\/2021\/12\/lucia-2-370x452.jpg\" class=\"attachment-malta-thumb-team size-malta-thumb-team wp-post-image\" loading=\"lazy\" srcset=\"\" sizes=\"auto, (max-width: 540px) 100vw, 540px\" width=\"540\" height=\"680\"><\/a>\n\t\t\t\t\t\t\t<div class=\"trx_addons_hover_content\"><\/div><div class=\"trx_addons_hover_mask\"><\/div><\/div> <div class=\"sc_team_item_info\">\n\t\t\t\t\t\t\t<div class=\"sc_team_item_header\">\n\t\t\t\t\t\t\t<h4 class=\"sc_team_item_title\"><a>L\u00facia Pamplona<\/a><\/h4>\n\t\t\t\t\t\t\t<div class=\"sc_team_item_subtitle\">T\u00e9cnica de Rent-a-car<\/div>\n\t\t\t\t\t\t\t<\/div>\n\t\t\t\t\t\t\t<\/div>\n\t\t\t\t\t\t\t<\/div>\n\t\t\t\t\t\t\t<\/div><div class=\"trx_addons_column-1_4\"><div class=\"sc_team_item\">\n\t\t\t\t\t\t\t<div class=\"post_featured sc_team_item_thumb trx_addons_hover trx_addons_hover_style_info\">\n\t\t\t\t\t\t\t<a href=\"\" aria-hidden=\"true\"><img decoding=\"async\" src=\"https:\/\/aguiaturazores.com\/wp-content\/uploads\/2021\/12\/carlos-370x406.jpg\" class=\"attachment-malta-thumb-team size-malta-thumb-team wp-post-image\" loading=\"lazy\" srcset=\"\" sizes=\"auto, (max-width: 540px) 100vw, 540px\" width=\"540\" height=\"680\"><\/a>\n\t\t\t\t\t\t\t<div class=\"trx_addons_hover_content\"><\/div><div class=\"trx_addons_hover_mask\"><\/div><\/div> <div class=\"sc_team_item_info\">\n\t\t\t\t\t\t\t<div class=\"sc_team_item_header\">\n\t\t\t\t\t\t\t<h4 class=\"sc_team_item_title\"><a>Carlos Sozinho<\/a><\/h4>\n\t\t\t\t\t\t\t<div class=\"sc_team_item_subtitle\">Guia de Turismo<\/div>\n\t\t\t\t\t\t\t<\/div>\n\t\t\t\t\t\t\t<\/div>\n\t\t\t\t\t\t\t<\/div>\n\t\t\t\t\t\t\t<\/div><div class=\"trx_addons_column-1_4\"><div class=\"sc_team_item\">\n\t\t\t\t\t\t\t<div class=\"post_featured sc_team_item_thumb trx_addons_hover trx_addons_hover_style_info\">\n\t\t\t\t\t\t\t<a href=\"\" aria-hidden=\"true\"><img decoding=\"async\" src=\"https:\/\/aguiaturazores.com\/wp-content\/uploads\/2021\/12\/IMG_2364-370x428.jpg\" class=\"attachment-malta-thumb-team size-malta-thumb-team wp-post-image\" loading=\"lazy\" srcset=\"\" sizes=\"auto, (max-width: 540px) 100vw, 540px\" width=\"540\" height=\"680\"><\/a>\n\t\t\t\t\t\t\t<div class=\"trx_addons_hover_content\"><\/div><div class=\"trx_addons_hover_mask\"><\/div><\/div> <div class=\"sc_team_item_info\">\n\t\t\t\t\t\t\t<div class=\"sc_team_item_header\">\n\t\t\t\t\t\t\t<h4 class=\"sc_team_item_title\"><a>Pedro Carvalho<\/a><\/h4>\n\t\t\t\t\t\t\t<div class=\"sc_team_item_subtitle\">Administrativo<\/div>\n\t\t\t\t\t\t\t<\/div>\n\t\t\t\t\t\t\t<\/div>\n\t\t\t\t\t\t\t<\/div>\n\t\t\t\t\t\t\t<\/div><div class=\"trx_addons_column-1_4\"><div class=\"sc_team_item\">\n\t\t\t\t\t\t\t<div class=\"post_featured sc_team_item_thumb trx_addons_hover trx_addons_hover_style_info\">\n\t\t\t\t\t\t\t<a href=\"\" aria-hidden=\"true\"><img decoding=\"async\" src=\"https:\/\/aguiaturazores.com\/wp-content\/uploads\/2021\/12\/nuno-370x406.jpg\" class=\"attachment-malta-thumb-team size-malta-thumb-team wp-post-image\" loading=\"lazy\" srcset=\"\" sizes=\"auto, (max-width: 540px) 100vw, 540px\" width=\"540\" height=\"680\"><\/a>\n\t\t\t\t\t\t\t<div class=\"trx_addons_hover_content\"><\/div><div class=\"trx_addons_hover_mask\"><\/div><\/div> <div class=\"sc_team_item_info\">\n\t\t\t\t\t\t\t<div class=\"sc_team_item_header\">\n\t\t\t\t\t\t\t<h4 class=\"sc_team_item_title\"><a>Nuno Costa<\/a><\/h4>\n\t\t\t\t\t\t\t<div class=\"sc_team_item_subtitle\">Bi\u00f3logo Marinho \/ Guia Int\u00e9rprete<\/div>\n\t\t\t\t\t\t\t<\/div>\n\t\t\t\t\t\t\t<\/div>\n\t\t\t\t\t\t\t<\/div>\n\t\t\t\t\t\t\t<\/div><div class=\"trx_addons_column-1_4\"><div class=\"sc_team_item\">\n\t\t\t\t\t\t\t<div class=\"post_featured sc_team_item_thumb trx_addons_hover trx_addons_hover_style_info\">\n\t\t\t\t\t\t\t<a href=\"\" aria-hidden=\"true\"><img decoding=\"async\" src=\"https:\/\/aguiaturazores.com\/wp-content\/uploads\/2021\/10\/francisca-370x370.jpg\" class=\"attachment-malta-thumb-team size-malta-thumb-team wp-post-image\" loading=\"lazy\" srcset=\"\" sizes=\"auto, (max-width: 540px) 100vw, 540px\" width=\"540\" height=\"680\"><\/a>\n\t\t\t\t\t\t\t<div class=\"trx_addons_hover_content\"><\/div><div class=\"trx_addons_hover_mask\"><\/div><\/div> <div class=\"sc_team_item_info\">\n\t\t\t\t\t\t\t<div class=\"sc_team_item_header\">\n\t\t\t\t\t\t\t<h4 class=\"sc_team_item_title\"><a>Francisca Aguiar<\/a><\/h4>\n\t\t\t\t\t\t\t<div class=\"sc_team_item_subtitle\">Comandante<\/div>\n\t\t\t\t\t\t\t<\/div>\n\t\t\t\t\t\t\t<\/div>\n\t\t\t\t\t\t\t<\/div>\n\t\t\t\t\t\t\t<\/div><div class=\"trx_addons_column-1_4\"><div class=\"sc_team_item\">\n\t\t\t\t\t\t\t<div class=\"post_featured sc_team_item_thumb trx_addons_hover trx_addons_hover_style_info\">\n\t\t\t\t\t\t\t<a href=\"\" aria-hidden=\"true\"><img decoding=\"async\" src=\"https:\/\/aguiaturazores.com\/wp-content\/uploads\/2021\/10\/andre-370x370.jpg\" class=\"attachment-malta-thumb-team size-malta-thumb-team wp-post-image\" loading=\"lazy\" srcset=\"\" sizes=\"auto, (max-width: 540px) 100vw, 540px\" width=\"540\" height=\"680\"><\/a>\n\t\t\t\t\t\t\t<div class=\"trx_addons_hover_content\"><\/div><div class=\"trx_addons_hover_mask\"><\/div><\/div> <div class=\"sc_team_item_info\">\n\t\t\t\t\t\t\t<div class=\"sc_team_item_header\">\n\t\t\t\t\t\t\t<h4 class=\"sc_team_item_title\"><a>Andr\u00e9 Aguiar<\/a><\/h4>\n\t\t\t\t\t\t\t<div class=\"sc_team_item_subtitle\">Capit\u00e1n <\/div>\n\t\t\t\t\t\t\t<\/div>\n\t\t\t\t\t\t\t<\/div>\n\t\t\t\t\t\t\t<\/div>\n\t\t\t\t\t\t\t<\/div><div class=\"trx_addons_column-1_4\"><div class=\"sc_team_item\">\n\t\t\t\t\t\t\t<div class=\"post_featured sc_team_item_thumb trx_addons_hover trx_addons_hover_style_info\">\n\t\t\t\t\t\t\t<a href=\"\" aria-hidden=\"true\"><img decoding=\"async\" src=\"https:\/\/aguiaturazores.com\/wp-content\/uploads\/2021\/10\/SraPaula2-370x216.jpg\" class=\"attachment-malta-thumb-team size-malta-thumb-team wp-post-image\" loading=\"lazy\" srcset=\"\" sizes=\"auto, (max-width: 540px) 100vw, 540px\" width=\"540\" height=\"680\"><\/a>\n\t\t\t\t\t\t\t<div class=\"trx_addons_hover_content\"><\/div><div class=\"trx_addons_hover_mask\"><\/div><\/div> <div class=\"sc_team_item_info\">\n\t\t\t\t\t\t\t<div class=\"sc_team_item_header\">\n\t\t\t\t\t\t\t<h4 class=\"sc_team_item_title\"><a>Paula Aguiar<\/a><\/h4>\n\t\t\t\t\t\t\t<div class=\"sc_team_item_subtitle\">Observadora de cet\u00e1ceos<\/div>\n\t\t\t\t\t\t\t<\/div>\n\t\t\t\t\t\t\t<\/div>\n\t\t\t\t\t\t\t<\/div>\n\t\t\t\t\t\t\t<\/div><div class=\"trx_addons_column-1_4\"><div class=\"sc_team_item\">\n\t\t\t\t\t\t\t<div class=\"post_featured sc_team_item_thumb trx_addons_hover trx_addons_hover_style_info\">\n\t\t\t\t\t\t\t<a href=\"\" aria-hidden=\"true\"><img decoding=\"async\" src=\"https:\/\/aguiaturazores.com\/wp-content\/uploads\/2021\/10\/PauloAguiar.jpg\" class=\"attachment-malta-thumb-team size-malta-thumb-team wp-post-image\" loading=\"lazy\" srcset=\"\" sizes=\"auto, (max-width: 540px) 100vw, 540px\" width=\"540\" height=\"680\"><\/a>\n\t\t\t\t\t\t\t<div class=\"trx_addons_hover_content\"><\/div><div class=\"trx_addons_hover_mask\"><\/div><\/div> <div class=\"sc_team_item_info\">\n\t\t\t\t\t\t\t<div class=\"sc_team_item_header\">\n\t\t\t\t\t\t\t<h4 class=\"sc_team_item_title\"><a>Paulo Aguiar<\/a><\/h4>\n\t\t\t\t\t\t\t<div class=\"sc_team_item_subtitle\">Gerente<\/div>\n\t\t\t\t\t\t\t<\/div>\n\t\t\t\t\t\t\t<\/div>\n\t\t\t\t\t\t\t<\/div>\n\t\t\t\t\t\t\t<\/div>\n\t<\/div><\/div><\/div><\/div><\/div>[\/vc_column_text][\/vc_column][\/vc_row]<\/p>\n","protected":false},"excerpt":{"rendered":"<p>[vc_row full_width=&#8221;stretch_row&#8221; parallax=&#8221;content-moving&#8221; css=&#8221;.vc_custom_1634828330931{padding-top: 6.2em !important;padding-bottom: 7.2em !important;}&#8221;][vc_column][vc_column_text el_class=&#8221;aboutUs&#8221;][\/vc_column_text][\/vc_column][\/vc_row][vc_row full_width=&#8221;stretch_row&#8221; css=&#8221;.vc_custom_1476890124244{padding-top: 6.8em !important;padding-bottom: 7.25em !important;}&#8221;][vc_column][vc_column_text][\/vc_column_text][\/vc_column][\/vc_row]<\/p>\n","protected":false},"author":1,"featured_media":2868,"parent":0,"menu_order":0,"comment_status":"closed","ping_status":"closed","template":"","meta":{"footnotes":""},"class_list":["post-2026","page","type-page","status-publish","has-post-thumbnail","hentry"],"yoast_head":"<!-- This site is optimized with the Yoast SEO plugin v18.2 - https:\/\/yoast.com\/wordpress\/plugins\/seo\/ -->\n<title>Empresa de Animaci\u00f3n Tur\u00edstica - Sobre Nosotros - Aguiatur<\/title>\n<meta name=\"description\" content=\"Empresa de animaci\u00f3n tur\u00edstica ubicada en Isla Terceira. \u00a1Ven a vivir una aventura durante tu estancia en las Azores!\" \/>\n<meta name=\"robots\" content=\"index, follow, max-snippet:-1, max-image-preview:large, max-video-preview:-1\" \/>\n<link rel=\"canonical\" href=\"https:\/\/aguiaturazores.com\/es\/sobre-nosotros\/\" \/>\n<meta property=\"og:locale\" content=\"es_ES\" \/>\n<meta property=\"og:type\" content=\"article\" \/>\n<meta property=\"og:title\" content=\"Empresa de Animaci\u00f3n Tur\u00edstica - Sobre Nosotros - Aguiatur\" \/>\n<meta property=\"og:description\" content=\"Empresa de animaci\u00f3n tur\u00edstica ubicada en Isla Terceira. \u00a1Ven a vivir una aventura durante tu estancia en las Azores!\" \/>\n<meta property=\"og:url\" content=\"https:\/\/aguiaturazores.com\/es\/sobre-nosotros\/\" \/>\n<meta property=\"og:site_name\" content=\"Aguiatur\" \/>\n<meta property=\"article:modified_time\" content=\"2022-01-21T12:41:09+00:00\" \/>\n<meta property=\"og:image\" content=\"https:\/\/aguiaturazores.com\/wp-content\/uploads\/2021\/11\/AGUIATUR-355-scaled.jpg\" \/>\n\t<meta property=\"og:image:width\" content=\"2560\" \/>\n\t<meta property=\"og:image:height\" content=\"616\" \/>\n\t<meta property=\"og:image:type\" content=\"image\/jpeg\" \/>\n<meta name=\"twitter:card\" content=\"summary_large_image\" \/>\n<script type=\"application\/ld+json\" class=\"yoast-schema-graph\">{\"@context\":\"https:\/\/schema.org\",\"@graph\":[{\"@type\":\"WebSite\",\"@id\":\"https:\/\/aguiaturazores.com\/#website\",\"url\":\"https:\/\/aguiaturazores.com\/\",\"name\":\"Aguiatur\",\"description\":\"\",\"potentialAction\":[{\"@type\":\"SearchAction\",\"target\":{\"@type\":\"EntryPoint\",\"urlTemplate\":\"https:\/\/aguiaturazores.com\/?s={search_term_string}\"},\"query-input\":\"required name=search_term_string\"}],\"inLanguage\":\"es\"},{\"@type\":\"ImageObject\",\"@id\":\"https:\/\/aguiaturazores.com\/es\/sobre-nosotros\/#primaryimage\",\"inLanguage\":\"es\",\"url\":\"https:\/\/aguiaturazores.com\/wp-content\/uploads\/2021\/11\/AGUIATUR-355-scaled.jpg\",\"contentUrl\":\"https:\/\/aguiaturazores.com\/wp-content\/uploads\/2021\/11\/AGUIATUR-355-scaled.jpg\",\"width\":2560,\"height\":616},{\"@type\":\"WebPage\",\"@id\":\"https:\/\/aguiaturazores.com\/es\/sobre-nosotros\/#webpage\",\"url\":\"https:\/\/aguiaturazores.com\/es\/sobre-nosotros\/\",\"name\":\"Empresa de Animaci\u00f3n Tur\u00edstica - Sobre Nosotros - Aguiatur\",\"isPartOf\":{\"@id\":\"https:\/\/aguiaturazores.com\/#website\"},\"primaryImageOfPage\":{\"@id\":\"https:\/\/aguiaturazores.com\/es\/sobre-nosotros\/#primaryimage\"},\"datePublished\":\"2021-10-24T15:55:58+00:00\",\"dateModified\":\"2022-01-21T12:41:09+00:00\",\"description\":\"Empresa de animaci\u00f3n tur\u00edstica ubicada en Isla Terceira. \u00a1Ven a vivir una aventura durante tu estancia en las Azores!\",\"breadcrumb\":{\"@id\":\"https:\/\/aguiaturazores.com\/es\/sobre-nosotros\/#breadcrumb\"},\"inLanguage\":\"es\",\"potentialAction\":[{\"@type\":\"ReadAction\",\"target\":[\"https:\/\/aguiaturazores.com\/es\/sobre-nosotros\/\"]}]},{\"@type\":\"BreadcrumbList\",\"@id\":\"https:\/\/aguiaturazores.com\/es\/sobre-nosotros\/#breadcrumb\",\"itemListElement\":[{\"@type\":\"ListItem\",\"position\":1,\"name\":\"In\u00edcio\",\"item\":\"https:\/\/aguiaturazores.com\/es\/home\/\"},{\"@type\":\"ListItem\",\"position\":2,\"name\":\"Sobre Nosotros\"}]}]}<\/script>\n<!-- \/ Yoast SEO plugin. -->","yoast_head_json":{"title":"Empresa de Animaci\u00f3n Tur\u00edstica - Sobre Nosotros - Aguiatur","description":"Empresa de animaci\u00f3n tur\u00edstica ubicada en Isla Terceira. \u00a1Ven a vivir una aventura durante tu estancia en las Azores!","robots":{"index":"index","follow":"follow","max-snippet":"max-snippet:-1","max-image-preview":"max-image-preview:large","max-video-preview":"max-video-preview:-1"},"canonical":"https:\/\/aguiaturazores.com\/es\/sobre-nosotros\/","og_locale":"es_ES","og_type":"article","og_title":"Empresa de Animaci\u00f3n Tur\u00edstica - Sobre Nosotros - Aguiatur","og_description":"Empresa de animaci\u00f3n tur\u00edstica ubicada en Isla Terceira. \u00a1Ven a vivir una aventura durante tu estancia en las Azores!","og_url":"https:\/\/aguiaturazores.com\/es\/sobre-nosotros\/","og_site_name":"Aguiatur","article_modified_time":"2022-01-21T12:41:09+00:00","og_image":[{"width":2560,"height":616,"url":"https:\/\/aguiaturazores.com\/wp-content\/uploads\/2021\/11\/AGUIATUR-355-scaled.jpg","type":"image\/jpeg"}],"twitter_card":"summary_large_image","schema":{"@context":"https:\/\/schema.org","@graph":[{"@type":"WebSite","@id":"https:\/\/aguiaturazores.com\/#website","url":"https:\/\/aguiaturazores.com\/","name":"Aguiatur","description":"","potentialAction":[{"@type":"SearchAction","target":{"@type":"EntryPoint","urlTemplate":"https:\/\/aguiaturazores.com\/?s={search_term_string}"},"query-input":"required name=search_term_string"}],"inLanguage":"es"},{"@type":"ImageObject","@id":"https:\/\/aguiaturazores.com\/es\/sobre-nosotros\/#primaryimage","inLanguage":"es","url":"https:\/\/aguiaturazores.com\/wp-content\/uploads\/2021\/11\/AGUIATUR-355-scaled.jpg","contentUrl":"https:\/\/aguiaturazores.com\/wp-content\/uploads\/2021\/11\/AGUIATUR-355-scaled.jpg","width":2560,"height":616},{"@type":"WebPage","@id":"https:\/\/aguiaturazores.com\/es\/sobre-nosotros\/#webpage","url":"https:\/\/aguiaturazores.com\/es\/sobre-nosotros\/","name":"Empresa de Animaci\u00f3n Tur\u00edstica - Sobre Nosotros - Aguiatur","isPartOf":{"@id":"https:\/\/aguiaturazores.com\/#website"},"primaryImageOfPage":{"@id":"https:\/\/aguiaturazores.com\/es\/sobre-nosotros\/#primaryimage"},"datePublished":"2021-10-24T15:55:58+00:00","dateModified":"2022-01-21T12:41:09+00:00","description":"Empresa de animaci\u00f3n tur\u00edstica ubicada en Isla Terceira. \u00a1Ven a vivir una aventura durante tu estancia en las Azores!","breadcrumb":{"@id":"https:\/\/aguiaturazores.com\/es\/sobre-nosotros\/#breadcrumb"},"inLanguage":"es","potentialAction":[{"@type":"ReadAction","target":["https:\/\/aguiaturazores.com\/es\/sobre-nosotros\/"]}]},{"@type":"BreadcrumbList","@id":"https:\/\/aguiaturazores.com\/es\/sobre-nosotros\/#breadcrumb","itemListElement":[{"@type":"ListItem","position":1,"name":"In\u00edcio","item":"https:\/\/aguiaturazores.com\/es\/home\/"},{"@type":"ListItem","position":2,"name":"Sobre Nosotros"}]}]}},"_links":{"self":[{"href":"https:\/\/aguiaturazores.com\/es\/wp-json\/wp\/v2\/pages\/2026","targetHints":{"allow":["GET"]}}],"collection":[{"href":"https:\/\/aguiaturazores.com\/es\/wp-json\/wp\/v2\/pages"}],"about":[{"href":"https:\/\/aguiaturazores.com\/es\/wp-json\/wp\/v2\/types\/page"}],"author":[{"embeddable":true,"href":"https:\/\/aguiaturazores.com\/es\/wp-json\/wp\/v2\/users\/1"}],"replies":[{"embeddable":true,"href":"https:\/\/aguiaturazores.com\/es\/wp-json\/wp\/v2\/comments?post=2026"}],"version-history":[{"count":8,"href":"https:\/\/aguiaturazores.com\/es\/wp-json\/wp\/v2\/pages\/2026\/revisions"}],"predecessor-version":[{"id":4863,"href":"https:\/\/aguiaturazores.com\/es\/wp-json\/wp\/v2\/pages\/2026\/revisions\/4863"}],"wp:featuredmedia":[{"embeddable":true,"href":"https:\/\/aguiaturazores.com\/es\/wp-json\/wp\/v2\/media\/2868"}],"wp:attachment":[{"href":"https:\/\/aguiaturazores.com\/es\/wp-json\/wp\/v2\/media?parent=2026"}],"curies":[{"name":"wp","href":"https:\/\/api.w.org\/{rel}","templated":true}]}}