{"id":2032,"date":"2021-10-24T15:59:14","date_gmt":"2021-10-24T15:59:14","guid":{"rendered":"http:\/\/aguiaturazores.com\/terminos-y-condiciones\/"},"modified":"2021-11-22T13:39:39","modified_gmt":"2021-11-22T13:39:39","slug":"terminos-y-condiciones","status":"publish","type":"page","link":"https:\/\/aguiaturazores.com\/es\/terminos-y-condiciones\/","title":{"rendered":"T\u00e9rminos y Condiciones"},"content":{"rendered":"\r\n<p class=\"has-text-align-center\"><strong>DECLARACI\u00d3N Y ACEPTACI\u00d3N DE LAS CONDICIONES DE USO Y COMPRA<\/strong><\/p>\r\n\r\n\r\n\r\n<p><strong>Objeto<\/strong><\/p>\r\n\r\n\r\n\r\n<p>1.1 Las presentes Condiciones Generales 3enen por objeto, junto con el formulario de pedido, y los dem\u00e1s elementos en \u00e9l referidos, regular los t\u00e9rminos y condiciones que rigen la prestaci\u00f3n del Servicio de Tienda Online de la Empresa <span style=\"font-size: revert;color: initial\">Paulo Aguiar, Unipessoal Lda<\/span>, con domicilio social en <span style=\"font-size: revert;color: initial\">Rua da Guarita 123 9700-096 Angra do Hero\u00edsmo<\/span>, NIF n\u00ba <span style=\"font-size: revert;color: initial\">512085846<\/span>.<\/p>\r\n\r\n\r\n\r\n<p>1.2 La compra de cualquier producto en la Tienda Online <span style=\"font-size: revert;color: initial\">Paulo Aguiar, Unipessoal Lda<\/span> implica la aceptaci\u00f3n de estas Condiciones Generales de Venta Online.<\/p>\r\n\r\n\r\n\r\n<p>1.3 Todas y cada una de las <span style=\"font-size: revert;color: initial\">Paulo Aguiar, Unipessoal Lda<\/span> disponibles para la venta en la Tienda Online <span style=\"font-size: revert;color: initial\">Paulo Aguiar, Unipessoal Lda<\/span> solo pueden ser adquiridas por personas mayores de edad, en su pa\u00eds de residencia.<\/p>\r\n\r\n\r\n\r\n<p><strong>Informaci\u00f3n de producto, precio y contenido<\/strong><\/p>\r\n\r\n\r\n\r\n<p>2.1 <span style=\"font-size: revert;color: initial\">Paulo Aguiar, Unipessoal Lda<\/span> se reserva el derecho a modificar, sin previo aviso y en cualquier\u00a0 momento,\u00a0 la\u00a0 informaci\u00f3n\u00a0 y\u00a0 oferta\u00a0 comercial\u00a0 presentada\u00a0 sobre: productos, precios, promociones, condiciones comerciales y servicios.<\/p>\r\n\r\n\r\n\r\n<p>2.2 Las im\u00e1genes que ilustran cada producto en la Tienda Online <span style=\"font-size: revert;color: initial\">Paulo Aguiar, Unipessoal Lda<\/span> pueden diferir del producto entregado posteriormente, y estos mismos productos tambi\u00e9n est\u00e1n sujetos a desabastecimientos.<\/p>\r\n\r\n\r\n\r\n<p>2.3 A pesar de los esfuerzos de la Tienda Online <span style=\"font-size: revert;color: initial\">Paulo Aguiar, Unipessoal Lda<\/span> , algunos productos pueden tener un precio inexacto, por lo que la empresa verifica los precios cada vez que procesa pedidos. En consecuencia, los precios mostrados en la Tienda Online <span style=\"font-size: revert;color: initial\">Paulo Aguiar, Unipessoal Lda<\/span> son meramente orienta3vos y no cons3tuyen una propuesta contractual. Si el precio efec3vo del producto es inferior al precio anunciado, la <span style=\"font-size: revert;color: initial\">Paulo Aguiar, Unipessoal Lda<\/span> reembolsar\u00e1 la diferencia. Si el precio es superior, la Tienda Online <span style=\"font-size: revert;color: initial\">Paulo Aguiar, Unipessoal Lda<\/span> informar\u00e1 al cliente sobre esta situaci\u00f3n por correo electr\u00f3nico y esperar\u00e1 por su decisi\u00f3n de aceptar el nuevo precio o cancelar el pedido dentro de los 15 d\u00edas siguientes a la fecha de env\u00edo.<\/p>\r\n\r\n\r\n\r\n<p>2.4 Seg\u00fan la legislaci\u00f3n portuguesa, todos los precios mostrados en la Tienda Online <span style=\"font-size: revert;color: initial\">Paulo Aguiar, Unipessoal Lda<\/span> incluyen los respec3vos 3pos de IVA vigentes, salvo que se indique lo contrario. La deducci\u00f3n del importe del IVA se puede realizar para empresas p\u00fablicas o privadas siempre que est\u00e9n legalmente registradas en un pa\u00eds de la Uni\u00f3n Europea.<\/p>\r\n\r\n\r\n\r\n<p>2.5 Las promociones publicadas en la Tienda Online <span style=\"font-size: revert;color: initial\">Paulo Aguiar, Unipessoal Lda<\/span> pueden diferir de las promociones aplicadas a nuestro equipo de t\u00e9cnicos comerciales.<\/p>\r\n\r\n\r\n\r\n<p><strong>Pedido y pago<\/strong><\/p>\r\n\r\n\r\n\r\n<p>3.1 Una vez confirmado el pedido en la Tienda Online <span style=\"font-size: revert;color: initial\">Paulo Aguiar, Unipessoal Lda<\/span> , se enviar\u00e1 un correo electr\u00f3nico a la direcci\u00f3n de contacto registrada por el cliente en el momento de la formalizaci\u00f3n, con todos los detalles sobre: entrega, facturaci\u00f3n, informaci\u00f3n de pago, productos y valores. La Tienda Online <span style=\"font-size: revert;color: initial\"> <span style=\"font-size: revert;color: initial\">Paulo Aguiar, Unipessoal Lda<\/span> <\/span> sugiere a todos los clientes la confirmaci\u00f3n de sus datos. Si el cliente no recibe el correo electr\u00f3nico de confirmaci\u00f3n del pedido, se le solicita que se ponga en contacto con la Tienda Online <span style=\"font-size: revert;color: initial\"> <span style=\"font-size: revert;color: initial\">Paulo Aguiar, Unipessoal Lda<\/span> <\/span> a trav\u00e9s de los medios de contactos de la empresa para que esta no3ficaci\u00f3n sea enviada nuevamente a la direcci\u00f3n de correo electr\u00f3nico del cliente.<\/p>\r\n\r\n\r\n\r\n<p>3.2 Si alguno de los datos colocados por el cliente en el pedido es incorrecto y\/o el cliente desea cambiar alguna informaci\u00f3n, siempre que el pedido a\u00fan no haya sido enviado, se solicita al cliente que se comunique con \u00e9l a trav\u00e9s de los siguientes contactos lo antes posible para que el cambio solicitado por el cliente se realice de forma interna. Los cambios en los detalles de los pedidos ya enviados deber\u00e1n ser analizados por el equipo de <span style=\"font-size: revert;color: initial\">Paulo Aguiar, Unipessoal Lda<\/span> para que, junto con el cliente, se pueda encontrar una soluci\u00f3n m\u00e1s adecuada.<\/p>\r\n\r\n\r\n\r\n<p>3.3 Todos los pedidos en la Tienda Online <span style=\"font-size: revert;color: initial\"> <span style=\"font-size: revert;color: initial\">Paulo Aguiar, Unipessoal Lda<\/span> <\/span> solo se procesar\u00e1n una vez recibido el pago. La formalizaci\u00f3n del pedido por s\u00ed sola no cons3tuye una reserva de los productos.<\/p>\r\n\r\n\r\n\r\n<p>3.4 Si un pedido no puede ser sa3sfecho en parte o en su totalidad, el cliente ser\u00e1 inmediatamente contactado por la empresa <span style=\"font-size: revert;color: initial\">Paulo Aguiar, Unipessoal Lda<\/span> con el fin de encontrar la soluci\u00f3n m\u00e1s adecuada.<\/p>\r\n\r\n\r\n\r\n<p>3.5 Todos los pedidos realizados en la Tienda Online <span style=\"font-size: revert;color: initial\">Paulo Aguiar, Unipessoal Lda<\/span> 3enen un plazo m\u00e1ximo de pago de 15 d\u00edas. Despu\u00e9s de este per\u00edodo, el pedido se cancelar\u00e1 autom\u00e13camente.<\/p>\r\n\r\n\r\n\r\n<p>3.6 Los pedidos pueden ser cancelados cuando lo solicite expresamente el cliente a trav\u00e9s de uno de los medios de contacto de la empresa, antes del env\u00edo de los pedidos. Una vez confirmado el env\u00edo del pedido, se solicita al cliente que se ponga en contacto con la empresa <span style=\"font-size: revert;color: initial\">Paulo Aguiar, Unipessoal Lda<\/span> para que junto a \u00e9l se encuentre la soluci\u00f3n m\u00e1s adecuada.<\/p>\r\n\r\n\r\n\r\n<p>3.7 A trav\u00e9s de la Tienda Online <span style=\"font-size: revert;color: initial\">Paulo Aguiar, Unipessoal Lda<\/span> se aceptan pagos mediante referencia de cajero autom\u00e13co.<\/p>\r\n\r\n\r\n\r\n<p>3.8 El estado del pedido de la Tienda Online <span style=\"font-size: revert;color: initial\">Paulo Aguiar, Unipessoal Lda<\/span> se compone de 3 fases:<\/p>\r\n\r\n\r\n\r\n<p>Pendiente, En Procesamiento y Completado.<\/p>\r\n\r\n\r\n\r\n<ol class=\"wp-block-list\">\r\n<li>Pendiente &#8211; En espera de pago para ingresar al sistema de la Tienda Online <span style=\"font-size: revert;color: initial\">Paulo Aguiar, Unipessoal Lda<\/span> ;<\/li>\r\n<\/ol>\r\n\r\n\r\n\r\n<ol class=\"wp-block-list\" start=\"2\">\r\n<li>En procesamiento &#8211; Fase en la que el pago ya ha sido recibido y el pedido est\u00e1 en procesamiento y en empaque\/preparaci\u00f3n;<\/li>\r\n<\/ol>\r\n\r\n\r\n\r\n<ol class=\"wp-block-list\" start=\"3\">\r\n<li>En espera &#8211; espera confirmaci\u00f3n adicional del cliente para con3nuar con el pedido. Etapa excepcional.<\/li>\r\n<\/ol>\r\n\r\n\r\n\r\n<ol class=\"wp-block-list\" start=\"4\">\r\n<li>Finalizado &#8211; el pedido ya ha sido enviado.<\/li>\r\n<\/ol>\r\n\r\n\r\n\r\n<p>3.9 Los pagos se reciben en euros, independientemente de la moneda en la que se realice la transacci\u00f3n, las tasas de conversi\u00f3n de los pagos realizados en otras monedas deben ser a cargo del cliente.<\/p>\r\n\r\n\r\n\r\n<p>3.10 Nuestro departamento de atenci\u00f3n al cliente puede, en algunos casos, solicitar documentos para con3nuar con el procesamiento del pedido.<\/p>\r\n\r\n\r\n\r\n<p><strong>Cargos de env\u00edo<\/strong><\/p>\r\n\r\n\r\n\r\n<p>4.1 Adem\u00e1s de los precios que se muestran en los productos, a cada pedido se suman los respec3vos costos de env\u00edo, los cuales se calculan en base a la suma de dos factores: el costo de empaque y el costo de transporte. El coste del embalaje de cada______ es de ___ \u20ac (euros). El costo de env\u00edo depende del peso del pedido y del respec3vo des3no de entrega. Este costo de env\u00edo se puede simular dentro del carrito de compras con los productos deseados agregados y llenando todos los campos solicitados del simulador. El franqueo total tambi\u00e9n se calcular\u00e1 autom\u00e13camente al realizar tu pedido en la Tienda Online. Ten en cuenta que los factores de este c\u00e1lculo pueden ser variables y pueden cambiar sin previo aviso.<\/p>\r\n\r\n\r\n\r\n<p><strong>Expediciones y Entregas\/Recogida en el Almac\u00e9n F\u00edsico de Manuel Francisco Simas Rainha<\/strong><\/p>\r\n\r\n\r\n\r\n<p>5.1 En general, despu\u00e9s del env\u00edo, un pedido en la Tienda Online <span style=\"font-size: revert;color: initial\">Paulo Aguiar, Unipessoal Lda<\/span>.<\/p>\r\n\r\n\r\n\r\n<p>tarda en ser entregado:<\/p>\r\n\r\n\r\n\r\n<ul class=\"wp-block-list\">\r\n<li>Entre 3 y 5 d\u00edas a Azores;<\/li>\r\n<\/ul>\r\n\r\n\r\n\r\n<ul class=\"wp-block-list\">\r\n<li>Entre 5 y 9 d\u00edas laborables para Portugal con3nental y Madeira;<\/li>\r\n<\/ul>\r\n\r\n\r\n\r\n<ul class=\"wp-block-list\">\r\n<li>Aproximadamente 15 d\u00edas laborables en Espa\u00f1a peninsular;<\/li>\r\n<\/ul>\r\n\r\n\r\n\r\n<ul class=\"wp-block-list\">\r\n<li>Aproximadamente 18 d\u00edas laborables en el resto de Europa;<\/li>\r\n<\/ul>\r\n\r\n\r\n\r\n<ul class=\"wp-block-list\">\r\n<li>Aproximadamente de 9 a 20 d\u00edas h\u00e1biles en el resto del mundo.<\/li>\r\n<\/ul>\r\n\r\n\r\n\r\n<p>5.2 Despu\u00e9s de que se env\u00eden los pedidos, la informaci\u00f3n para monitorear el env\u00edo estar\u00e1 disponible en la cuenta de los clientes que han realizado el pedido con registro y tambi\u00e9n se env\u00eda una no3ficaci\u00f3n por correo electr\u00f3nico con la informaci\u00f3n del enlace para monitorear el env\u00edo para todos los clientes registrados, y no registrado. Si por cualquier mo3vo el cliente no recibe la confirmaci\u00f3n del env\u00edo, deber\u00e1 ponerse en contacto con la empresa <span style=\"font-size: revert;color: initial\">Paulo Aguiar, Unipessoal Lda<\/span>. atrav\u00e9s de uno de los medios de contacto de la empresa, para que se env\u00ede toda la informaci\u00f3n disponible sobre el despacho del pedido.<\/p>\r\n\r\n\r\n\r\n<p>5.3 Todos los productos enviados por la Tienda Online <span style=\"font-size: revert;color: initial\">Paulo Aguiar, Unipessoal Lda<\/span> deben ser revisados en el momento de la entrega. Si el cliente encuentra que el pedido est\u00e1 da\u00f1ado, deber\u00e1 devolverlo de inmediato a la empresa de transporte, jus3ficar debidamente el mo3vo de la devoluci\u00f3n en el albar\u00e1n de entrega del transpor3sta y no3ficar de inmediato a la Empresa <span style=\"font-size: revert;color: initial\">Paulo Aguiar, Unipessoal Lda<\/span> atrav\u00e9s de uno de los siguientes contactos.<\/p>\r\n\r\n\r\n\r\n<p>5.4 Si despu\u00e9s de la entrega, el cliente encuentra que no est\u00e1 conforme con alguno de los argculos, comun\u00edcate inmediatamente con la Compa\u00f1\u00eda <span style=\"font-size: revert;color: initial\">Paulo Aguiar, Unipessoal Lda<\/span> por correo electr\u00f3nico: <a href=\"mailto:geral@aguiaturazores.com\">geral@aguiaturazores.com<\/a> indicando el n\u00famero de pedido o el n\u00famero<\/p>\r\n\r\n\r\n\r\n<p>del documento que acompa\u00f1a al pedido, adjuntando im\u00e1genes del embalaje tal y como se recibi\u00f3 y de todos los argculos, para que el proceso de inves3gaci\u00f3n de la ocurrencia se pueda abrir internamente y la situaci\u00f3n se resuelva lo antes posible.<\/p>\r\n\r\n\r\n\r\n<p>5.5 La Tienda Online <span style=\"font-size: revert;color: initial\">Paulo Aguiar, Unipessoal Lda<\/span> no se hace responsable de los env\u00edos realizados a pa\u00edses donde la ley respec3va no permita el ingreso de <span style=\"font-size: revert;color: initial\">Paulo Aguiar, Unipessoal Lda<\/span> . Es responsabilidad de los clientes tomar los pedidos respec3vos, as\u00ed como pagar los aranceles aduaneros, si los hubiera. En caso de devoluci\u00f3n de los productos, <span style=\"font-size: revert;color: initial\">Paulo Aguiar, Unipessoal Lda<\/span> reembolsar\u00e1 \u00fanicamente el monto respec3vo por estos mismos productos. En caso de dudas, el cliente puede contactar con la empresa<\/p>\r\n\r\n\r\n\r\n<p><span style=\"font-size: revert;color: initial\">Paulo Aguiar, Unipessoal Lda<\/span> antes de realizar el pedido.<\/p>\r\n\r\n\r\n\r\n<p>5.6 La Tienda Online <span style=\"font-size: revert;color: initial\">Paulo Aguiar, Unipessoal Lda<\/span> 3ene contratados servicios con transpor3stas especializados a efectos de entregas en Portugal, Europa y la mayor\u00eda de los pa\u00edses del mundo. Hacemos todo lo posible por cumplir con los plazos de env\u00edo y entrega. Sin embargo c\u00e1benos se\u00f1alar que los posibles retrasos en las entregas pueden ser ajenos a la empresa <span style=\"font-size: revert;color: initial\">Paulo Aguiar, Unipessoal Lda<\/span>, y no es posible, en estos casos, garan3zar 3empos de entrega exactos.<\/p>\r\n\r\n\r\n\r\n<p>5.7 La mayor\u00eda de las entregas se realizan en horario laboral en d\u00edas laborables a la direcci\u00f3n de env\u00edo indicada por el cliente al realizar el pedido.<\/p>\r\n\r\n\r\n\r\n<p>5.8 En caso de un intento de entrega fallido por parte de la empresa de transporte por ausencia del cliente, siempre se deja un aviso de tr\u00e1nsito en el buz\u00f3n del cliente con las instrucciones del transpor3sta. Dependiendo del servicio y del transpor3sta, los pedidos se deben recoger en el lugar indicado por \u00e9l mismo en el aviso, o se deben seguir las indicaciones solicitadas en el mismo aviso.<\/p>\r\n\r\n\r\n\r\n<p><strong>Ley aplicable<\/strong><\/p>\r\n\r\n\r\n\r\n<p>6.1 La Tienda Online <span style=\"font-size: revert;color: initial\">Paulo Aguiar, Unipessoal Lda<\/span> reconoce a todos sus clientes el derecho a<\/p>\r\n\r\n\r\n\r\n<p>rescindir los contratos que celebren, permi3\u00e9ndoles devolver, dentro de los 14 (catorce) d\u00edas, los productos adquiridos en los t\u00e9rminos del Decreto Ley n. 143\/2001 y Decreto Ley 82\/2008 de 20\/05.<\/p>\r\n\r\n\r\n\r\n<p>6.2 Para cambios o devoluciones, se solicita al cliente que se ponga en contacto con la Empresa <span style=\"font-size: revert;color: initial\">Paulo Aguiar, Unipessoal Lda<\/span> a trav\u00e9s del correo electr\u00f3nico: <a href=\"mailto:geral@aguiaturazores.com\">geral@aguiaturazores.com<\/a> indicando el<\/p>\r\n\r\n\r\n\r\n<p>n\u00famero de pedido o el documento adjunto, teniendo en cuenta las condiciones descritas a con3nuaci\u00f3n en los siguientes temas:<\/p>\r\n\r\n\r\n\r\n<ol class=\"wp-block-list\">\r\n<li>Para la devoluci\u00f3n del pedido, el producto debe estar en perfecto estado, y en su caso con su embalaje original, accesorios u ofertas promocionales incluidos, y acompa\u00f1ado del comprobante de compra o factura.<\/li>\r\n<\/ol>\r\n\r\n\r\n\r\n<ol class=\"wp-block-list\" start=\"2\">\r\n<li>Se admi3r\u00e1 la devoluci\u00f3n de productos defectuosos y env\u00edos err\u00f3neos, siendo la empresa Paulo Aguiar, Unipessoal Lda responsable de los gastos de env\u00edo y recogida siempre que el cliente comunique esta circunstancia dentro de los 14 (catorce) d\u00edas siguientes a la fecha recibir el producto.<\/li>\r\n<\/ol>\r\n\r\n\r\n\r\n<ol class=\"wp-block-list\" start=\"3\">\r\n<li>Una vez recibida la mercanc\u00eda en nuestras instalaciones y tras validar su estado en consecuencia, se devolver\u00e1 el valor seg\u00fan el m\u00e9todo de pago realizado por el cliente, u otra soluci\u00f3n previamente pactada con el mismo.<\/li>\r\n<\/ol>\r\n\r\n\r\n\r\n<p>6.3 La Empresa <span style=\"font-size: revert;color: initial\">Paulo Aguiar, Unipessoal Lda<\/span> asume la responsabilidad de los defectos de origen o<\/p>\r\n\r\n\r\n\r\n<p>materia prima del producto adquirido y si as\u00ed lo confirma el equipo especializado de la Empresa <span style=\"font-size: revert;color: initial\">Paulo Aguiar, Unipessoal Lda<\/span>, el producto ser\u00e1 cambiado o devuelto sin ning\u00fan costo para el cliente.<\/p>\r\n\r\n\r\n\r\n<p>6.4 La empresa <span style=\"font-size: revert;color: initial\">Paulo Aguiar, Unipessoal Lda<\/span> no aceptar\u00e1 la devoluci\u00f3n del producto despu\u00e9s de su uso, o si ha sido alterado o modificado.<\/p>\r\n\r\n\r\n\r\n<p>6.5 La empresa <span style=\"font-size: revert;color: initial\">Paulo Aguiar, Unipessoal Lda<\/span> no se hace responsable de las deficiencias derivadas de un uso incorrecto, negligencia, malas condiciones de almacenamiento o causas de fuerza mayor.<\/p>\r\n\r\n\r\n\r\n<p>Estas condiciones generales de venta online pueden modificarse sin previo aviso y, por tanto, deben ser consultadas antes de realizar cualquier pedido.<\/p>\r\n","protected":false},"excerpt":{"rendered":"<p>DECLARACI\u00d3N Y ACEPTACI\u00d3N DE LAS CONDICIONES DE USO Y COMPRA Objeto 1.1 Las presentes Condiciones Generales 3enen por objeto, junto&hellip;<\/p>\n","protected":false},"author":1,"featured_media":2588,"parent":0,"menu_order":0,"comment_status":"closed","ping_status":"closed","template":"","meta":{"footnotes":""},"class_list":["post-2032","page","type-page","status-publish","has-post-thumbnail","hentry"],"yoast_head":"<!-- This site is optimized with the Yoast SEO plugin v18.2 - https:\/\/yoast.com\/wordpress\/plugins\/seo\/ -->\n<title>T\u00e9rminos y Condiciones - Empresa de Animaci\u00f3n Tur\u00edstica - Aguiatur<\/title>\n<meta name=\"description\" content=\"Lea los t\u00e9rminos y condiciones de uso del sitio web de Aguiatur. Al aceptar, est\u00e1 de acuerdo con todas las condiciones impuestas.\" \/>\n<meta name=\"robots\" content=\"index, follow, max-snippet:-1, max-image-preview:large, max-video-preview:-1\" \/>\n<link rel=\"canonical\" href=\"https:\/\/aguiaturazores.com\/es\/terminos-y-condiciones\/\" \/>\n<meta property=\"og:locale\" content=\"es_ES\" \/>\n<meta property=\"og:type\" content=\"article\" \/>\n<meta property=\"og:title\" content=\"T\u00e9rminos y Condiciones - Empresa de Animaci\u00f3n Tur\u00edstica - Aguiatur\" \/>\n<meta property=\"og:description\" content=\"Lea los t\u00e9rminos y condiciones de uso del sitio web de Aguiatur. Al aceptar, est\u00e1 de acuerdo con todas las condiciones impuestas.\" \/>\n<meta property=\"og:url\" content=\"https:\/\/aguiaturazores.com\/es\/terminos-y-condiciones\/\" \/>\n<meta property=\"og:site_name\" content=\"Aguiatur\" \/>\n<meta property=\"article:modified_time\" content=\"2021-11-22T13:39:39+00:00\" \/>\n<meta property=\"og:image\" content=\"https:\/\/aguiaturazores.com\/wp-content\/uploads\/2021\/11\/AGUIATUR-49-scaled-e1636028650947.jpg\" \/>\n\t<meta property=\"og:image:width\" content=\"2560\" \/>\n\t<meta property=\"og:image:height\" content=\"1707\" \/>\n\t<meta property=\"og:image:type\" content=\"image\/jpeg\" \/>\n<meta name=\"twitter:card\" content=\"summary_large_image\" \/>\n<meta name=\"twitter:label1\" content=\"Tiempo de lectura\" \/>\n\t<meta name=\"twitter:data1\" content=\"9 minutos\" \/>\n<script type=\"application\/ld+json\" class=\"yoast-schema-graph\">{\"@context\":\"https:\/\/schema.org\",\"@graph\":[{\"@type\":\"WebSite\",\"@id\":\"https:\/\/aguiaturazores.com\/#website\",\"url\":\"https:\/\/aguiaturazores.com\/\",\"name\":\"Aguiatur\",\"description\":\"\",\"potentialAction\":[{\"@type\":\"SearchAction\",\"target\":{\"@type\":\"EntryPoint\",\"urlTemplate\":\"https:\/\/aguiaturazores.com\/?s={search_term_string}\"},\"query-input\":\"required name=search_term_string\"}],\"inLanguage\":\"es\"},{\"@type\":\"ImageObject\",\"@id\":\"https:\/\/aguiaturazores.com\/es\/terminos-y-condiciones\/#primaryimage\",\"inLanguage\":\"es\",\"url\":\"https:\/\/aguiaturazores.com\/wp-content\/uploads\/2021\/11\/AGUIATUR-49-scaled-e1636028650947.jpg\",\"contentUrl\":\"https:\/\/aguiaturazores.com\/wp-content\/uploads\/2021\/11\/AGUIATUR-49-scaled-e1636028650947.jpg\",\"width\":2560,\"height\":1707},{\"@type\":\"WebPage\",\"@id\":\"https:\/\/aguiaturazores.com\/es\/terminos-y-condiciones\/#webpage\",\"url\":\"https:\/\/aguiaturazores.com\/es\/terminos-y-condiciones\/\",\"name\":\"T\u00e9rminos y Condiciones - Empresa de Animaci\u00f3n Tur\u00edstica - Aguiatur\",\"isPartOf\":{\"@id\":\"https:\/\/aguiaturazores.com\/#website\"},\"primaryImageOfPage\":{\"@id\":\"https:\/\/aguiaturazores.com\/es\/terminos-y-condiciones\/#primaryimage\"},\"datePublished\":\"2021-10-24T15:59:14+00:00\",\"dateModified\":\"2021-11-22T13:39:39+00:00\",\"description\":\"Lea los t\u00e9rminos y condiciones de uso del sitio web de Aguiatur. Al aceptar, est\u00e1 de acuerdo con todas las condiciones impuestas.\",\"breadcrumb\":{\"@id\":\"https:\/\/aguiaturazores.com\/es\/terminos-y-condiciones\/#breadcrumb\"},\"inLanguage\":\"es\",\"potentialAction\":[{\"@type\":\"ReadAction\",\"target\":[\"https:\/\/aguiaturazores.com\/es\/terminos-y-condiciones\/\"]}]},{\"@type\":\"BreadcrumbList\",\"@id\":\"https:\/\/aguiaturazores.com\/es\/terminos-y-condiciones\/#breadcrumb\",\"itemListElement\":[{\"@type\":\"ListItem\",\"position\":1,\"name\":\"In\u00edcio\",\"item\":\"https:\/\/aguiaturazores.com\/es\/home\/\"},{\"@type\":\"ListItem\",\"position\":2,\"name\":\"T\u00e9rminos y Condiciones\"}]}]}<\/script>\n<!-- \/ Yoast SEO plugin. -->","yoast_head_json":{"title":"T\u00e9rminos y Condiciones - Empresa de Animaci\u00f3n Tur\u00edstica - Aguiatur","description":"Lea los t\u00e9rminos y condiciones de uso del sitio web de Aguiatur. Al aceptar, est\u00e1 de acuerdo con todas las condiciones impuestas.","robots":{"index":"index","follow":"follow","max-snippet":"max-snippet:-1","max-image-preview":"max-image-preview:large","max-video-preview":"max-video-preview:-1"},"canonical":"https:\/\/aguiaturazores.com\/es\/terminos-y-condiciones\/","og_locale":"es_ES","og_type":"article","og_title":"T\u00e9rminos y Condiciones - Empresa de Animaci\u00f3n Tur\u00edstica - Aguiatur","og_description":"Lea los t\u00e9rminos y condiciones de uso del sitio web de Aguiatur. Al aceptar, est\u00e1 de acuerdo con todas las condiciones impuestas.","og_url":"https:\/\/aguiaturazores.com\/es\/terminos-y-condiciones\/","og_site_name":"Aguiatur","article_modified_time":"2021-11-22T13:39:39+00:00","og_image":[{"width":2560,"height":1707,"url":"https:\/\/aguiaturazores.com\/wp-content\/uploads\/2021\/11\/AGUIATUR-49-scaled-e1636028650947.jpg","type":"image\/jpeg"}],"twitter_card":"summary_large_image","twitter_misc":{"Tiempo de lectura":"9 minutos"},"schema":{"@context":"https:\/\/schema.org","@graph":[{"@type":"WebSite","@id":"https:\/\/aguiaturazores.com\/#website","url":"https:\/\/aguiaturazores.com\/","name":"Aguiatur","description":"","potentialAction":[{"@type":"SearchAction","target":{"@type":"EntryPoint","urlTemplate":"https:\/\/aguiaturazores.com\/?s={search_term_string}"},"query-input":"required name=search_term_string"}],"inLanguage":"es"},{"@type":"ImageObject","@id":"https:\/\/aguiaturazores.com\/es\/terminos-y-condiciones\/#primaryimage","inLanguage":"es","url":"https:\/\/aguiaturazores.com\/wp-content\/uploads\/2021\/11\/AGUIATUR-49-scaled-e1636028650947.jpg","contentUrl":"https:\/\/aguiaturazores.com\/wp-content\/uploads\/2021\/11\/AGUIATUR-49-scaled-e1636028650947.jpg","width":2560,"height":1707},{"@type":"WebPage","@id":"https:\/\/aguiaturazores.com\/es\/terminos-y-condiciones\/#webpage","url":"https:\/\/aguiaturazores.com\/es\/terminos-y-condiciones\/","name":"T\u00e9rminos y Condiciones - Empresa de Animaci\u00f3n Tur\u00edstica - Aguiatur","isPartOf":{"@id":"https:\/\/aguiaturazores.com\/#website"},"primaryImageOfPage":{"@id":"https:\/\/aguiaturazores.com\/es\/terminos-y-condiciones\/#primaryimage"},"datePublished":"2021-10-24T15:59:14+00:00","dateModified":"2021-11-22T13:39:39+00:00","description":"Lea los t\u00e9rminos y condiciones de uso del sitio web de Aguiatur. Al aceptar, est\u00e1 de acuerdo con todas las condiciones impuestas.","breadcrumb":{"@id":"https:\/\/aguiaturazores.com\/es\/terminos-y-condiciones\/#breadcrumb"},"inLanguage":"es","potentialAction":[{"@type":"ReadAction","target":["https:\/\/aguiaturazores.com\/es\/terminos-y-condiciones\/"]}]},{"@type":"BreadcrumbList","@id":"https:\/\/aguiaturazores.com\/es\/terminos-y-condiciones\/#breadcrumb","itemListElement":[{"@type":"ListItem","position":1,"name":"In\u00edcio","item":"https:\/\/aguiaturazores.com\/es\/home\/"},{"@type":"ListItem","position":2,"name":"T\u00e9rminos y Condiciones"}]}]}},"_links":{"self":[{"href":"https:\/\/aguiaturazores.com\/es\/wp-json\/wp\/v2\/pages\/2032","targetHints":{"allow":["GET"]}}],"collection":[{"href":"https:\/\/aguiaturazores.com\/es\/wp-json\/wp\/v2\/pages"}],"about":[{"href":"https:\/\/aguiaturazores.com\/es\/wp-json\/wp\/v2\/types\/page"}],"author":[{"embeddable":true,"href":"https:\/\/aguiaturazores.com\/es\/wp-json\/wp\/v2\/users\/1"}],"replies":[{"embeddable":true,"href":"https:\/\/aguiaturazores.com\/es\/wp-json\/wp\/v2\/comments?post=2032"}],"version-history":[{"count":4,"href":"https:\/\/aguiaturazores.com\/es\/wp-json\/wp\/v2\/pages\/2032\/revisions"}],"predecessor-version":[{"id":3225,"href":"https:\/\/aguiaturazores.com\/es\/wp-json\/wp\/v2\/pages\/2032\/revisions\/3225"}],"wp:featuredmedia":[{"embeddable":true,"href":"https:\/\/aguiaturazores.com\/es\/wp-json\/wp\/v2\/media\/2588"}],"wp:attachment":[{"href":"https:\/\/aguiaturazores.com\/es\/wp-json\/wp\/v2\/media?parent=2032"}],"curies":[{"name":"wp","href":"https:\/\/api.w.org\/{rel}","templated":true}]}}