{"id":2392,"date":"2021-11-02T14:27:01","date_gmt":"2021-11-02T14:27:01","guid":{"rendered":"http:\/\/aguiaturazores.com\/paquetes\/"},"modified":"2021-11-22T13:34:51","modified_gmt":"2021-11-22T13:34:51","slug":"paquetes","status":"publish","type":"page","link":"https:\/\/aguiaturazores.com\/es\/paquetes\/","title":{"rendered":"Paquetes"},"content":{"rendered":"<p>[vc_row][vc_column][vc_column_text]<div class=\"content_pacotes_div_main\">\n\t   <div class=\" grid_pacotes_arquivo\">\n\t\t  <div class=\"grid_single_pacote\">\n\t\t\t\t\t\t\t\t\t\t\t<div class=\"vc_column-inner\">\n\t\t\t\t\t\t\t\t\t\t\t\t<div class=\"wpb_wrapper\">\n\t\t\t\t\t\t\t\t\t\t\t\t\t<div id=\"sc_price_1134\" class=\"scheme_default sc_price sc_price_default\">\n\t\t\t\t\t\t\t\t\t\t\t\t\t\t<div class=\"sc_price_info\">\n\t\t\t\t\t\t\t\t\t\t\t\t\t\t\t<div class=\"sc_price_price\"><span class=\"sc_price_value\">\u20ac78<\/span><\/div>\n\t\t\t\t\t\t\t\t\t\t\t\t\t\t\t<div class=\"sc_price_title\">\n\t\t\t\t\t\t\t\t\t\t\t\t\t\t\tSendero + Cuevas y Volcanes\n\t\t\t\t\t\t\t\t\t\t\t\t\t\t\t<\/div>\n\t\t\t\t\t\t\t\t\t\t\t\t\t\t\t<div class=\"sc_price_details\">\n\t\t\t\t\t\t\t\t\t\t\t\t\t\t\t<!-- wp:paragraph -->\n\t\t\t\t\t\t\t\t\t\t\t\t\t\t\t<p><big>Este paquete le permite estar en perfecta armon\u00eda con la naturaleza de las Azores. Elige uno de nuestros senderos para caminar y avent\u00farate a descubrir algunas de las formaciones geol\u00f3gicas m\u00e1s interesantes de las Azores.<\/big>\r\n\r\n<img loading=\"lazy\" decoding=\"async\" class=\"alignnone wp-image-4742\" src=\"http:\/\/aguiaturazores.com\/wp-content\/uploads\/2022\/01\/clipart2184066-216x300.png\" alt=\"\" width=\"46\" height=\"64\" srcset=\"https:\/\/aguiaturazores.com\/wp-content\/uploads\/2022\/01\/clipart2184066-216x300.png 216w, https:\/\/aguiaturazores.com\/wp-content\/uploads\/2022\/01\/clipart2184066-370x514.png 370w, https:\/\/aguiaturazores.com\/wp-content\/uploads\/2022\/01\/clipart2184066-400x568.png 400w, https:\/\/aguiaturazores.com\/wp-content\/uploads\/2022\/01\/clipart2184066.png 433w\" sizes=\"auto, (max-width: 46px) 100vw, 46px\" \/>\u00a0 \u00a0<img loading=\"lazy\" decoding=\"async\" class=\"wp-image-4703 alignnone\" src=\"http:\/\/aguiaturazores.com\/wp-content\/uploads\/2022\/01\/clipart2656018-300x287.png\" alt=\"\" width=\"67\" height=\"64\" srcset=\"https:\/\/aguiaturazores.com\/wp-content\/uploads\/2022\/01\/clipart2656018-300x287.png 300w, https:\/\/aguiaturazores.com\/wp-content\/uploads\/2022\/01\/clipart2656018-370x354.png 370w, https:\/\/aguiaturazores.com\/wp-content\/uploads\/2022\/01\/clipart2656018.png 513w\" sizes=\"auto, (max-width: 67px) 100vw, 67px\" \/><\/p>\n\t\t\t\t\t\t\t\t\t\t\t\t\t\t\t<!-- \/wp:paragraph -->\n\t\t\t\t\t\t\t\t\t\t\t\t\t\t\t<\/div>\n\t\t\t\t\t\t\t\t\t\t\t\t\t\t\t<a href=\"https:\/\/aguiaturazores.com\/es\/pacote\/passeio-pedestre-grutas-e-vulcoes\/\" class=\"sc_price_link sc_button_hover_fade\">Ver m\u00e1s<\/a>\n\t\t\t\t\t\t\t\t\t\t\t\t\t\t<\/div>\n\t\t\t\t\t\t\t\t\t\t\t\t\t<\/div>\n\t\t\t\t\t\t\t\t\t\t\t\t<\/div>\n\t\t\t\t\t\t\t\t\t\t\t<\/div>\n\t\t\t\t\t\t\t\t\t\t<\/div><div class=\"grid_single_pacote\">\n\t\t\t\t\t\t\t\t\t\t\t<div class=\"vc_column-inner\">\n\t\t\t\t\t\t\t\t\t\t\t\t<div class=\"wpb_wrapper\">\n\t\t\t\t\t\t\t\t\t\t\t\t\t<div id=\"sc_price_1134\" class=\"scheme_default sc_price sc_price_default\">\n\t\t\t\t\t\t\t\t\t\t\t\t\t\t<div class=\"sc_price_info\">\n\t\t\t\t\t\t\t\t\t\t\t\t\t\t\t<div class=\"sc_price_price\"><span class=\"sc_price_value\">\u20ac84<\/span><\/div>\n\t\t\t\t\t\t\t\t\t\t\t\t\t\t\t<div class=\"sc_price_title\">\n\t\t\t\t\t\t\t\t\t\t\t\t\t\t\tAvistamiento de Ballenas + Sendero\n\t\t\t\t\t\t\t\t\t\t\t\t\t\t\t<\/div>\n\t\t\t\t\t\t\t\t\t\t\t\t\t\t\t<div class=\"sc_price_details\">\n\t\t\t\t\t\t\t\t\t\t\t\t\t\t\t<!-- wp:paragraph -->\n\t\t\t\t\t\t\t\t\t\t\t\t\t\t\t<p><big>La mejor forma de conocer las Azores es paseando por las colinas, los bosques y laurisilva, o las zonas costeras de la isla. Descubre con nosotros el interior de la isla Terceira tras un agradable paseo en barco para observar cet\u00e1ceos.<\/big>\r\n\r\n<img loading=\"lazy\" decoding=\"async\" class=\"alignnone wp-image-4730\" src=\"https:\/\/aguiaturazores.com\/wp-content\/uploads\/2021\/11\/clipart1570514-1-300x300.png\" alt=\"\" width=\"66\" height=\"66\" srcset=\"https:\/\/aguiaturazores.com\/wp-content\/uploads\/2021\/11\/clipart1570514-1-300x300.png 300w, https:\/\/aguiaturazores.com\/wp-content\/uploads\/2021\/11\/clipart1570514-1-150x150.png 150w, https:\/\/aguiaturazores.com\/wp-content\/uploads\/2021\/11\/clipart1570514-1-370x370.png 370w, https:\/\/aguiaturazores.com\/wp-content\/uploads\/2021\/11\/clipart1570514-1-90x90.png 90w, https:\/\/aguiaturazores.com\/wp-content\/uploads\/2021\/11\/clipart1570514-1-100x100.png 100w, https:\/\/aguiaturazores.com\/wp-content\/uploads\/2021\/11\/clipart1570514-1.png 512w\" sizes=\"auto, (max-width: 66px) 100vw, 66px\" \/>\u00a0 \u00a0 <img loading=\"lazy\" decoding=\"async\" class=\"alignnone wp-image-4743\" src=\"https:\/\/aguiaturazores.com\/wp-content\/uploads\/2022\/01\/clipart2184066-216x300.png\" alt=\"\" width=\"46\" height=\"64\" srcset=\"https:\/\/aguiaturazores.com\/wp-content\/uploads\/2022\/01\/clipart2184066-216x300.png 216w, https:\/\/aguiaturazores.com\/wp-content\/uploads\/2022\/01\/clipart2184066-370x514.png 370w, https:\/\/aguiaturazores.com\/wp-content\/uploads\/2022\/01\/clipart2184066-400x568.png 400w, https:\/\/aguiaturazores.com\/wp-content\/uploads\/2022\/01\/clipart2184066.png 433w\" sizes=\"auto, (max-width: 46px) 100vw, 46px\" \/><\/p>\n\t\t\t\t\t\t\t\t\t\t\t\t\t\t\t<!-- \/wp:paragraph -->\n\t\t\t\t\t\t\t\t\t\t\t\t\t\t\t<\/div>\n\t\t\t\t\t\t\t\t\t\t\t\t\t\t\t<a href=\"https:\/\/aguiaturazores.com\/es\/pacote\/observacao-de-cetaceos-trilho-pedestre\/\" class=\"sc_price_link sc_button_hover_fade\">Ver m\u00e1s<\/a>\n\t\t\t\t\t\t\t\t\t\t\t\t\t\t<\/div>\n\t\t\t\t\t\t\t\t\t\t\t\t\t<\/div>\n\t\t\t\t\t\t\t\t\t\t\t\t<\/div>\n\t\t\t\t\t\t\t\t\t\t\t<\/div>\n\t\t\t\t\t\t\t\t\t\t<\/div><div class=\"grid_single_pacote\">\n\t\t\t\t\t\t\t\t\t\t\t<div class=\"vc_column-inner\">\n\t\t\t\t\t\t\t\t\t\t\t\t<div class=\"wpb_wrapper\">\n\t\t\t\t\t\t\t\t\t\t\t\t\t<div id=\"sc_price_1134\" class=\"scheme_default sc_price sc_price_default\">\n\t\t\t\t\t\t\t\t\t\t\t\t\t\t<div class=\"sc_price_info\">\n\t\t\t\t\t\t\t\t\t\t\t\t\t\t\t<div class=\"sc_price_price\"><span class=\"sc_price_value\">\u20ac62.5<\/span><\/div>\n\t\t\t\t\t\t\t\t\t\t\t\t\t\t\t<div class=\"sc_price_title\">\n\t\t\t\t\t\t\t\t\t\t\t\t\t\t\tAlgar do Carv\u00e3o + Piscinas Naturais dos Biscoitos\n\t\t\t\t\t\t\t\t\t\t\t\t\t\t\t<\/div>\n\t\t\t\t\t\t\t\t\t\t\t\t\t\t\t<div class=\"sc_price_details\">\n\t\t\t\t\t\t\t\t\t\t\t\t\t\t\t<!-- wp:paragraph -->\n\t\t\t\t\t\t\t\t\t\t\t\t\t\t\t<p><p style=\"text-align: center\"><big>Esta actividad te lleva desde el interior de Algar do Carv\u00e3o hasta las Piscinas Naturales de Biscoitos, en el litoral de la Costa Norte. Degustaci\u00f3n de quesos en el \"Queijo Vaquinha\" al final. <\/big><\/p>\r\n<p style=\"text-align: center\"><img loading=\"lazy\" decoding=\"async\" class=\"alignnone wp-image-4710\" src=\"http:\/\/aguiaturazores.com\/wp-content\/uploads\/2022\/01\/clipart3328435-300x300.png\" alt=\"\" width=\"82\" height=\"82\" srcset=\"https:\/\/aguiaturazores.com\/wp-content\/uploads\/2022\/01\/clipart3328435-300x300.png 300w, https:\/\/aguiaturazores.com\/wp-content\/uploads\/2022\/01\/clipart3328435-150x150.png 150w, https:\/\/aguiaturazores.com\/wp-content\/uploads\/2022\/01\/clipart3328435-370x370.png 370w, https:\/\/aguiaturazores.com\/wp-content\/uploads\/2022\/01\/clipart3328435-90x90.png 90w, https:\/\/aguiaturazores.com\/wp-content\/uploads\/2022\/01\/clipart3328435-100x100.png 100w, https:\/\/aguiaturazores.com\/wp-content\/uploads\/2022\/01\/clipart3328435.png 512w\" sizes=\"auto, (max-width: 82px) 100vw, 82px\" \/>\u00a0 \u00a0 \u00a0<img loading=\"lazy\" decoding=\"async\" class=\"wp-image-4700 alignnone\" src=\"http:\/\/aguiaturazores.com\/wp-content\/uploads\/2022\/01\/clipart2656018-300x287.png\" alt=\"\" width=\"67\" height=\"64\" srcset=\"https:\/\/aguiaturazores.com\/wp-content\/uploads\/2022\/01\/clipart2656018-300x287.png 300w, https:\/\/aguiaturazores.com\/wp-content\/uploads\/2022\/01\/clipart2656018-370x354.png 370w, https:\/\/aguiaturazores.com\/wp-content\/uploads\/2022\/01\/clipart2656018.png 513w\" sizes=\"auto, (max-width: 67px) 100vw, 67px\" \/><\/p><\/p>\n\t\t\t\t\t\t\t\t\t\t\t\t\t\t\t<!-- \/wp:paragraph -->\n\t\t\t\t\t\t\t\t\t\t\t\t\t\t\t<\/div>\n\t\t\t\t\t\t\t\t\t\t\t\t\t\t\t<a href=\"https:\/\/aguiaturazores.com\/es\/pacote\/algar-do-carvao-piscinas-naturais-dos-biscoitos\/\" class=\"sc_price_link sc_button_hover_fade\">Ver m\u00e1s<\/a>\n\t\t\t\t\t\t\t\t\t\t\t\t\t\t<\/div>\n\t\t\t\t\t\t\t\t\t\t\t\t\t<\/div>\n\t\t\t\t\t\t\t\t\t\t\t\t<\/div>\n\t\t\t\t\t\t\t\t\t\t\t<\/div>\n\t\t\t\t\t\t\t\t\t\t<\/div><div class=\"grid_single_pacote\">\n\t\t\t\t\t\t\t\t\t\t\t<div class=\"vc_column-inner\">\n\t\t\t\t\t\t\t\t\t\t\t\t<div class=\"wpb_wrapper\">\n\t\t\t\t\t\t\t\t\t\t\t\t\t<div id=\"sc_price_1134\" class=\"scheme_default sc_price sc_price_default\">\n\t\t\t\t\t\t\t\t\t\t\t\t\t\t<div class=\"sc_price_info\">\n\t\t\t\t\t\t\t\t\t\t\t\t\t\t\t<div class=\"sc_price_price\"><span class=\"sc_price_value\">\u20ac76<\/span><\/div>\n\t\t\t\t\t\t\t\t\t\t\t\t\t\t\t<div class=\"sc_price_title\">\n\t\t\t\t\t\t\t\t\t\t\t\t\t\t\tAvistamiento de ballenas + Cuevas y Volcanes\n\t\t\t\t\t\t\t\t\t\t\t\t\t\t\t<\/div>\n\t\t\t\t\t\t\t\t\t\t\t\t\t\t\t<div class=\"sc_price_details\">\n\t\t\t\t\t\t\t\t\t\t\t\t\t\t\t<!-- wp:paragraph -->\n\t\t\t\t\t\t\t\t\t\t\t\t\t\t\t<p><!-- wp:paragraph -->\r\n<p><big>Aprovecha este fant\u00e1stico precio que combina dos actividades con lo mejor que la naturaleza tiene para ofrecerte en las Azores - Avistamiento de Ballenas y Delfines y Cavidades Volc\u00e1nicas.<\/big><\/p>\r\n<p><img loading=\"lazy\" decoding=\"async\" class=\"alignnone  wp-image-4730\" src=\"https:\/\/aguiaturazores.com\/wp-content\/uploads\/2021\/11\/clipart1570514-1-300x300.png\" alt=\"\" width=\"59\" height=\"59\" srcset=\"https:\/\/aguiaturazores.com\/wp-content\/uploads\/2021\/11\/clipart1570514-1-300x300.png 300w, https:\/\/aguiaturazores.com\/wp-content\/uploads\/2021\/11\/clipart1570514-1-150x150.png 150w, https:\/\/aguiaturazores.com\/wp-content\/uploads\/2021\/11\/clipart1570514-1-370x370.png 370w, https:\/\/aguiaturazores.com\/wp-content\/uploads\/2021\/11\/clipart1570514-1.png 512w, https:\/\/aguiaturazores.com\/wp-content\/uploads\/2021\/11\/clipart1570514-1-90x90.png 90w, https:\/\/aguiaturazores.com\/wp-content\/uploads\/2021\/11\/clipart1570514-1-100x100.png 100w\" sizes=\"auto, (max-width: 59px) 100vw, 59px\" \/> \u00a0<img loading=\"lazy\" decoding=\"async\" class=\"alignnone  wp-image-4725\" src=\"https:\/\/aguiaturazores.com\/wp-content\/uploads\/2021\/11\/clipart2656018-300x287.png\" alt=\"\" width=\"62\" height=\"59\" srcset=\"https:\/\/aguiaturazores.com\/wp-content\/uploads\/2021\/11\/clipart2656018-300x287.png 300w, https:\/\/aguiaturazores.com\/wp-content\/uploads\/2021\/11\/clipart2656018-370x354.png 370w, https:\/\/aguiaturazores.com\/wp-content\/uploads\/2021\/11\/clipart2656018.png 513w\" sizes=\"auto, (max-width: 62px) 100vw, 62px\" \/><\/p>\r\n<!-- \/wp:paragraph --><\/p>\n\t\t\t\t\t\t\t\t\t\t\t\t\t\t\t<!-- \/wp:paragraph -->\n\t\t\t\t\t\t\t\t\t\t\t\t\t\t\t<\/div>\n\t\t\t\t\t\t\t\t\t\t\t\t\t\t\t<a href=\"https:\/\/aguiaturazores.com\/es\/pacote\/avistamiento-de-ballenas-cuevas-y-volcanes\/\" class=\"sc_price_link sc_button_hover_fade\">Ver m\u00e1s<\/a>\n\t\t\t\t\t\t\t\t\t\t\t\t\t\t<\/div>\n\t\t\t\t\t\t\t\t\t\t\t\t\t<\/div>\n\t\t\t\t\t\t\t\t\t\t\t\t<\/div>\n\t\t\t\t\t\t\t\t\t\t\t<\/div>\n\t\t\t\t\t\t\t\t\t\t<\/div><div class=\"grid_single_pacote\">\n\t\t\t\t\t\t\t\t\t\t\t<div class=\"vc_column-inner\">\n\t\t\t\t\t\t\t\t\t\t\t\t<div class=\"wpb_wrapper\">\n\t\t\t\t\t\t\t\t\t\t\t\t\t<div id=\"sc_price_1134\" class=\"scheme_default sc_price sc_price_default\">\n\t\t\t\t\t\t\t\t\t\t\t\t\t\t<div class=\"sc_price_info\">\n\t\t\t\t\t\t\t\t\t\t\t\t\t\t\t<div class=\"sc_price_price\"><span class=\"sc_price_value\">\u20ac104<\/span><\/div>\n\t\t\t\t\t\t\t\t\t\t\t\t\t\t\t<div class=\"sc_price_title\">\n\t\t\t\t\t\t\t\t\t\t\t\t\t\t\tAvistamiento de ballenas + Nadando con delfines\n\t\t\t\t\t\t\t\t\t\t\t\t\t\t\t<\/div>\n\t\t\t\t\t\t\t\t\t\t\t\t\t\t\t<div class=\"sc_price_details\">\n\t\t\t\t\t\t\t\t\t\t\t\t\t\t\t<!-- wp:paragraph -->\n\t\t\t\t\t\t\t\t\t\t\t\t\t\t\t<p><!-- wp:paragraph {\"translatedWithWPMLTM\":\"1\"} -->\r\n<p class=\"has-vivid-cyan-blue-color has-text-color\"><big>\u00a1Aprovecha esta oportunidad \u00fanica de disfrutar de dos actividades por un precio excepcional! <\/big><big>\u00a1Ver cet\u00e1ceos y nadar con delfines son dos experiencias que nunca olvidar\u00e1!<\/big><\/p>\r\n<p><img loading=\"lazy\" decoding=\"async\" class=\"alignnone  wp-image-4715\" src=\"https:\/\/aguiaturazores.com\/wp-content\/uploads\/2021\/11\/clipart1570514-300x300.png\" alt=\"\" width=\"65\" height=\"65\" srcset=\"https:\/\/aguiaturazores.com\/wp-content\/uploads\/2021\/11\/clipart1570514-300x300.png 300w, https:\/\/aguiaturazores.com\/wp-content\/uploads\/2021\/11\/clipart1570514-150x150.png 150w, https:\/\/aguiaturazores.com\/wp-content\/uploads\/2021\/11\/clipart1570514-370x370.png 370w, https:\/\/aguiaturazores.com\/wp-content\/uploads\/2021\/11\/clipart1570514-90x90.png 90w, https:\/\/aguiaturazores.com\/wp-content\/uploads\/2021\/11\/clipart1570514-100x100.png 100w, https:\/\/aguiaturazores.com\/wp-content\/uploads\/2021\/11\/clipart1570514.png 512w\" sizes=\"auto, (max-width: 65px) 100vw, 65px\" \/>\u00a0 \u00a0 <img loading=\"lazy\" decoding=\"async\" class=\"alignnone  wp-image-4720\" src=\"https:\/\/aguiaturazores.com\/wp-content\/uploads\/2021\/11\/clipart2812069-300x254.png\" alt=\"\" width=\"73\" height=\"62\" srcset=\"https:\/\/aguiaturazores.com\/wp-content\/uploads\/2021\/11\/clipart2812069-300x254.png 300w, https:\/\/aguiaturazores.com\/wp-content\/uploads\/2021\/11\/clipart2812069-768x650.png 768w, https:\/\/aguiaturazores.com\/wp-content\/uploads\/2021\/11\/clipart2812069-370x313.png 370w, https:\/\/aguiaturazores.com\/wp-content\/uploads\/2021\/11\/clipart2812069-540x468.png 540w, https:\/\/aguiaturazores.com\/wp-content\/uploads\/2021\/11\/clipart2812069-770x651.png 770w, https:\/\/aguiaturazores.com\/wp-content\/uploads\/2021\/11\/clipart2812069-740x626.png 740w, https:\/\/aguiaturazores.com\/wp-content\/uploads\/2021\/11\/clipart2812069.png 981w\" sizes=\"auto, (max-width: 73px) 100vw, 73px\" \/><\/p>\r\n<p>&nbsp;<\/p>\r\n<!-- \/wp:paragraph -->\r\n\r\n<!-- wp:paragraph {\"translatedWithWPMLTM\":\"1\"} -->\r\n<p>&nbsp;<\/p>\r\n<!-- \/wp:paragraph -->\r\n\r\n<!-- wp:paragraph {\"textColor\":\"vivid-cyan-blue\",\"translatedWithWPMLTM\":\"1\"} -->\r\n<p>&nbsp;<\/p>\r\n<p>&nbsp;<\/p>\r\n<!-- \/wp:paragraph --><\/p>\n\t\t\t\t\t\t\t\t\t\t\t\t\t\t\t<!-- \/wp:paragraph -->\n\t\t\t\t\t\t\t\t\t\t\t\t\t\t\t<\/div>\n\t\t\t\t\t\t\t\t\t\t\t\t\t\t\t<a href=\"https:\/\/aguiaturazores.com\/es\/pacote\/nadando-con-delfines-avistamiento-de-ballenas\/\" class=\"sc_price_link sc_button_hover_fade\">Ver m\u00e1s<\/a>\n\t\t\t\t\t\t\t\t\t\t\t\t\t\t<\/div>\n\t\t\t\t\t\t\t\t\t\t\t\t\t<\/div>\n\t\t\t\t\t\t\t\t\t\t\t\t<\/div>\n\t\t\t\t\t\t\t\t\t\t\t<\/div>\n\t\t\t\t\t\t\t\t\t\t<\/div><div class=\"grid_single_pacote\">\n\t\t\t\t\t\t\t\t\t\t\t<div class=\"vc_column-inner\">\n\t\t\t\t\t\t\t\t\t\t\t\t<div class=\"wpb_wrapper\">\n\t\t\t\t\t\t\t\t\t\t\t\t\t<div id=\"sc_price_1134\" class=\"scheme_default sc_price sc_price_default\">\n\t\t\t\t\t\t\t\t\t\t\t\t\t\t<div class=\"sc_price_info\">\n\t\t\t\t\t\t\t\t\t\t\t\t\t\t\t<div class=\"sc_price_price\"><span class=\"sc_price_value\">\u20ac68<\/span><\/div>\n\t\t\t\t\t\t\t\t\t\t\t\t\t\t\t<div class=\"sc_price_title\">\n\t\t\t\t\t\t\t\t\t\t\t\t\t\t\tAvistamiento de Ballenas + Paseo en barco a Ilh\u00e9us das Cabras\n\t\t\t\t\t\t\t\t\t\t\t\t\t\t\t<\/div>\n\t\t\t\t\t\t\t\t\t\t\t\t\t\t\t<div class=\"sc_price_details\">\n\t\t\t\t\t\t\t\t\t\t\t\t\t\t\t<!-- wp:paragraph -->\n\t\t\t\t\t\t\t\t\t\t\t\t\t\t\t<p><!-- wp:paragraph {\"translatedWithWPMLTM\":\"1\"} -->\r\n<p><big>D\u00e9jate navegar con nosotros para descubrir las especies de cet\u00e1ceos que habitan o pasan por el mar de las Azores. Contemple tambi\u00e9n los mayores islotes costeros del archipi\u00e9lago - Ilh\u00e9us das Cabras - h\u00e1bitat de varias especies de aves marinas.<\/big><\/p>\r\n<p><img loading=\"lazy\" decoding=\"async\" class=\"alignnone  wp-image-4641\" src=\"https:\/\/aguiaturazores.com\/wp-content\/uploads\/2021\/11\/clipart1668136-300x117.png\" alt=\"\" width=\"106\" height=\"42\" srcset=\"https:\/\/aguiaturazores.com\/wp-content\/uploads\/2021\/11\/clipart1668136-300x117.png 300w, https:\/\/aguiaturazores.com\/wp-content\/uploads\/2021\/11\/clipart1668136-370x145.png 370w, https:\/\/aguiaturazores.com\/wp-content\/uploads\/2021\/11\/clipart1668136.png 399w\" sizes=\"auto, (max-width: 106px) 100vw, 106px\" \/>\u00a0 \u00a0 <img loading=\"lazy\" decoding=\"async\" class=\"alignnone wp-image-4730\" src=\"https:\/\/aguiaturazores.com\/wp-content\/uploads\/2021\/11\/clipart1570514-1-300x300.png\" alt=\"\" width=\"66\" height=\"66\" srcset=\"https:\/\/aguiaturazores.com\/wp-content\/uploads\/2021\/11\/clipart1570514-1-300x300.png 300w, https:\/\/aguiaturazores.com\/wp-content\/uploads\/2021\/11\/clipart1570514-1-150x150.png 150w, https:\/\/aguiaturazores.com\/wp-content\/uploads\/2021\/11\/clipart1570514-1-370x370.png 370w, https:\/\/aguiaturazores.com\/wp-content\/uploads\/2021\/11\/clipart1570514-1-90x90.png 90w, https:\/\/aguiaturazores.com\/wp-content\/uploads\/2021\/11\/clipart1570514-1-100x100.png 100w, https:\/\/aguiaturazores.com\/wp-content\/uploads\/2021\/11\/clipart1570514-1.png 512w\" sizes=\"auto, (max-width: 66px) 100vw, 66px\" \/><\/p>\r\n<!-- \/wp:paragraph --><\/p>\n\t\t\t\t\t\t\t\t\t\t\t\t\t\t\t<!-- \/wp:paragraph -->\n\t\t\t\t\t\t\t\t\t\t\t\t\t\t\t<\/div>\n\t\t\t\t\t\t\t\t\t\t\t\t\t\t\t<a href=\"https:\/\/aguiaturazores.com\/es\/pacote\/nadando-con-delfines-paseo-en-barco-a-los-islenos-de-las-cabras\/\" class=\"sc_price_link sc_button_hover_fade\">Ver m\u00e1s<\/a>\n\t\t\t\t\t\t\t\t\t\t\t\t\t\t<\/div>\n\t\t\t\t\t\t\t\t\t\t\t\t\t<\/div>\n\t\t\t\t\t\t\t\t\t\t\t\t<\/div>\n\t\t\t\t\t\t\t\t\t\t\t<\/div>\n\t\t\t\t\t\t\t\t\t\t<\/div>\n\t   <\/div>\n\t<\/div>[\/vc_column_text][\/vc_column][\/vc_row]<\/p>\n","protected":false},"excerpt":{"rendered":"<p>[vc_row][vc_column][vc_column_text][\/vc_column_text][\/vc_column][\/vc_row]<\/p>\n","protected":false},"author":1,"featured_media":2878,"parent":0,"menu_order":0,"comment_status":"closed","ping_status":"closed","template":"","meta":{"footnotes":""},"class_list":["post-2392","page","type-page","status-publish","has-post-thumbnail","hentry"],"yoast_head":"<!-- This site is optimized with the Yoast SEO plugin v18.2 - https:\/\/yoast.com\/wordpress\/plugins\/seo\/ -->\n<title>Paquetes de Actividades Tur\u00edsticas - Aguiatur<\/title>\n<meta name=\"description\" content=\"Paquetes de Actividades Tur\u00edsticas en Terceira. \u00bfConoce la mejor manera de divertirse con familiares y amigos? \u00a1Reservar ahora!\" \/>\n<meta name=\"robots\" content=\"index, follow, max-snippet:-1, max-image-preview:large, max-video-preview:-1\" \/>\n<link rel=\"canonical\" href=\"https:\/\/aguiaturazores.com\/es\/paquetes\/\" \/>\n<meta property=\"og:locale\" content=\"es_ES\" \/>\n<meta property=\"og:type\" content=\"article\" \/>\n<meta property=\"og:title\" content=\"Paquetes de Actividades Tur\u00edsticas - Aguiatur\" \/>\n<meta property=\"og:description\" content=\"Paquetes de Actividades Tur\u00edsticas en Terceira. \u00bfConoce la mejor manera de divertirse con familiares y amigos? \u00a1Reservar ahora!\" \/>\n<meta property=\"og:url\" content=\"https:\/\/aguiaturazores.com\/es\/paquetes\/\" \/>\n<meta property=\"og:site_name\" content=\"Aguiatur\" \/>\n<meta property=\"article:modified_time\" content=\"2021-11-22T13:34:51+00:00\" \/>\n<meta property=\"og:image\" content=\"https:\/\/aguiaturazores.com\/wp-content\/uploads\/2021\/11\/AGUIATUR-51-1-scaled.jpg\" \/>\n\t<meta property=\"og:image:width\" content=\"2560\" \/>\n\t<meta property=\"og:image:height\" content=\"1653\" \/>\n\t<meta property=\"og:image:type\" content=\"image\/jpeg\" \/>\n<meta name=\"twitter:card\" content=\"summary_large_image\" \/>\n<script type=\"application\/ld+json\" class=\"yoast-schema-graph\">{\"@context\":\"https:\/\/schema.org\",\"@graph\":[{\"@type\":\"WebSite\",\"@id\":\"https:\/\/aguiaturazores.com\/#website\",\"url\":\"https:\/\/aguiaturazores.com\/\",\"name\":\"Aguiatur\",\"description\":\"\",\"potentialAction\":[{\"@type\":\"SearchAction\",\"target\":{\"@type\":\"EntryPoint\",\"urlTemplate\":\"https:\/\/aguiaturazores.com\/?s={search_term_string}\"},\"query-input\":\"required name=search_term_string\"}],\"inLanguage\":\"es\"},{\"@type\":\"ImageObject\",\"@id\":\"https:\/\/aguiaturazores.com\/es\/paquetes\/#primaryimage\",\"inLanguage\":\"es\",\"url\":\"https:\/\/aguiaturazores.com\/wp-content\/uploads\/2021\/11\/AGUIATUR-51-1-scaled.jpg\",\"contentUrl\":\"https:\/\/aguiaturazores.com\/wp-content\/uploads\/2021\/11\/AGUIATUR-51-1-scaled.jpg\",\"width\":2560,\"height\":1653},{\"@type\":\"WebPage\",\"@id\":\"https:\/\/aguiaturazores.com\/es\/paquetes\/#webpage\",\"url\":\"https:\/\/aguiaturazores.com\/es\/paquetes\/\",\"name\":\"Paquetes de Actividades Tur\u00edsticas - Aguiatur\",\"isPartOf\":{\"@id\":\"https:\/\/aguiaturazores.com\/#website\"},\"primaryImageOfPage\":{\"@id\":\"https:\/\/aguiaturazores.com\/es\/paquetes\/#primaryimage\"},\"datePublished\":\"2021-11-02T14:27:01+00:00\",\"dateModified\":\"2021-11-22T13:34:51+00:00\",\"description\":\"Paquetes de Actividades Tur\u00edsticas en Terceira. \u00bfConoce la mejor manera de divertirse con familiares y amigos? \u00a1Reservar ahora!\",\"breadcrumb\":{\"@id\":\"https:\/\/aguiaturazores.com\/es\/paquetes\/#breadcrumb\"},\"inLanguage\":\"es\",\"potentialAction\":[{\"@type\":\"ReadAction\",\"target\":[\"https:\/\/aguiaturazores.com\/es\/paquetes\/\"]}]},{\"@type\":\"BreadcrumbList\",\"@id\":\"https:\/\/aguiaturazores.com\/es\/paquetes\/#breadcrumb\",\"itemListElement\":[{\"@type\":\"ListItem\",\"position\":1,\"name\":\"In\u00edcio\",\"item\":\"https:\/\/aguiaturazores.com\/es\/home\/\"},{\"@type\":\"ListItem\",\"position\":2,\"name\":\"Paquetes\"}]}]}<\/script>\n<!-- \/ Yoast SEO plugin. -->","yoast_head_json":{"title":"Paquetes de Actividades Tur\u00edsticas - Aguiatur","description":"Paquetes de Actividades Tur\u00edsticas en Terceira. \u00bfConoce la mejor manera de divertirse con familiares y amigos? \u00a1Reservar ahora!","robots":{"index":"index","follow":"follow","max-snippet":"max-snippet:-1","max-image-preview":"max-image-preview:large","max-video-preview":"max-video-preview:-1"},"canonical":"https:\/\/aguiaturazores.com\/es\/paquetes\/","og_locale":"es_ES","og_type":"article","og_title":"Paquetes de Actividades Tur\u00edsticas - Aguiatur","og_description":"Paquetes de Actividades Tur\u00edsticas en Terceira. \u00bfConoce la mejor manera de divertirse con familiares y amigos? \u00a1Reservar ahora!","og_url":"https:\/\/aguiaturazores.com\/es\/paquetes\/","og_site_name":"Aguiatur","article_modified_time":"2021-11-22T13:34:51+00:00","og_image":[{"width":2560,"height":1653,"url":"https:\/\/aguiaturazores.com\/wp-content\/uploads\/2021\/11\/AGUIATUR-51-1-scaled.jpg","type":"image\/jpeg"}],"twitter_card":"summary_large_image","schema":{"@context":"https:\/\/schema.org","@graph":[{"@type":"WebSite","@id":"https:\/\/aguiaturazores.com\/#website","url":"https:\/\/aguiaturazores.com\/","name":"Aguiatur","description":"","potentialAction":[{"@type":"SearchAction","target":{"@type":"EntryPoint","urlTemplate":"https:\/\/aguiaturazores.com\/?s={search_term_string}"},"query-input":"required name=search_term_string"}],"inLanguage":"es"},{"@type":"ImageObject","@id":"https:\/\/aguiaturazores.com\/es\/paquetes\/#primaryimage","inLanguage":"es","url":"https:\/\/aguiaturazores.com\/wp-content\/uploads\/2021\/11\/AGUIATUR-51-1-scaled.jpg","contentUrl":"https:\/\/aguiaturazores.com\/wp-content\/uploads\/2021\/11\/AGUIATUR-51-1-scaled.jpg","width":2560,"height":1653},{"@type":"WebPage","@id":"https:\/\/aguiaturazores.com\/es\/paquetes\/#webpage","url":"https:\/\/aguiaturazores.com\/es\/paquetes\/","name":"Paquetes de Actividades Tur\u00edsticas - Aguiatur","isPartOf":{"@id":"https:\/\/aguiaturazores.com\/#website"},"primaryImageOfPage":{"@id":"https:\/\/aguiaturazores.com\/es\/paquetes\/#primaryimage"},"datePublished":"2021-11-02T14:27:01+00:00","dateModified":"2021-11-22T13:34:51+00:00","description":"Paquetes de Actividades Tur\u00edsticas en Terceira. \u00bfConoce la mejor manera de divertirse con familiares y amigos? \u00a1Reservar ahora!","breadcrumb":{"@id":"https:\/\/aguiaturazores.com\/es\/paquetes\/#breadcrumb"},"inLanguage":"es","potentialAction":[{"@type":"ReadAction","target":["https:\/\/aguiaturazores.com\/es\/paquetes\/"]}]},{"@type":"BreadcrumbList","@id":"https:\/\/aguiaturazores.com\/es\/paquetes\/#breadcrumb","itemListElement":[{"@type":"ListItem","position":1,"name":"In\u00edcio","item":"https:\/\/aguiaturazores.com\/es\/home\/"},{"@type":"ListItem","position":2,"name":"Paquetes"}]}]}},"_links":{"self":[{"href":"https:\/\/aguiaturazores.com\/es\/wp-json\/wp\/v2\/pages\/2392","targetHints":{"allow":["GET"]}}],"collection":[{"href":"https:\/\/aguiaturazores.com\/es\/wp-json\/wp\/v2\/pages"}],"about":[{"href":"https:\/\/aguiaturazores.com\/es\/wp-json\/wp\/v2\/types\/page"}],"author":[{"embeddable":true,"href":"https:\/\/aguiaturazores.com\/es\/wp-json\/wp\/v2\/users\/1"}],"replies":[{"embeddable":true,"href":"https:\/\/aguiaturazores.com\/es\/wp-json\/wp\/v2\/comments?post=2392"}],"version-history":[{"count":5,"href":"https:\/\/aguiaturazores.com\/es\/wp-json\/wp\/v2\/pages\/2392\/revisions"}],"predecessor-version":[{"id":2422,"href":"https:\/\/aguiaturazores.com\/es\/wp-json\/wp\/v2\/pages\/2392\/revisions\/2422"}],"wp:featuredmedia":[{"embeddable":true,"href":"https:\/\/aguiaturazores.com\/es\/wp-json\/wp\/v2\/media\/2878"}],"wp:attachment":[{"href":"https:\/\/aguiaturazores.com\/es\/wp-json\/wp\/v2\/media?parent=2392"}],"curies":[{"name":"wp","href":"https:\/\/api.w.org\/{rel}","templated":true}]}}